{"id":27,"date":"2015-03-09T17:08:40","date_gmt":"2015-03-09T16:08:40","guid":{"rendered":"http:\/\/slais.ijs.si\/wp\/?page_id=27"},"modified":"2018-03-02T13:58:17","modified_gmt":"2018-03-02T12:58:17","slug":"koristi-clanstva","status":"publish","type":"page","link":"https:\/\/slais.ijs.si\/index.php\/koristi-clanstva\/","title":{"rendered":"Koristi \u010dlanstva"},"content":{"rendered":"<p><strong>SLAIS vzdr\u017euje dva po\u0161tna seznama:<\/strong><\/p>\n<ul>\n<li><a href=\"http:\/\/mailman.ijs.si\/listinfo\/slais-clani\">SLAIS-clani<\/a>: namenjen je vsem \u010dlanom SLAISa, e-pisma se po\u0161iljajo na naslov <a href=\"mailto:slais-clani@ijs.si\">slais-clani@ijs.si<\/a>;<\/li>\n<li><a href=\"https:\/\/mailman.ijs.si\/mailman\/listinfo\/slais-izrazoslovje\">SLAIS-izrazoslovje<\/a>: namenjen je razpravam o izrazoslovju s podro\u010dje umetne inteligence, e-pisma se po\u0161iljajo na naslov <a href=\"mailto:slais-izrazoslovje@ijs.si\">slais-izrazoslovje@ijs.si<\/a>.<\/li>\n<\/ul>\n<p>Uporabniki lahko na straneh seznamov pregledujejo arhiv in seznam uporabnikov ter spreminjajo svoje nastavitve. Kdor ne pozna svojega gesla, si ga lahko po\u0161lje, \u010de poleg gumba &#8216;Unsubscribe or edit options&#8217; vnese e-po\u0161tni naslov, s katerim je na seznam prijavljen, in nato klikne na ta gumb.<\/p>\n<p>\u010ce kdo \u017eeli poslati e-pismo na seznam, katerega uporabnik ni, mora e-pismo odobriti <a href=\"mailto:mitja.lustrek@ijs.si?subject=[SLAIS%20-%20postni%20seznami]\">administrator<\/a>. Primerna e-pisma so navadno odobrena prej kot v enem dnevu. \u010ce kdo \u017eeli kaj takega po\u010deti redno, se mu pa po\u0161iljanje na seznam lahko odobri tudi za trajno.<\/p>\n<p class=\"subtitle\"><strong>Za vse \u010dlane dru\u0161tev, vklju\u010denih v EurAI<\/strong><\/p>\n<p>SLAIS je \u010dlan <a href=\"https:\/\/www.eurai.org\/\">EurAI<\/a>, evropskega zdru\u017eenja za umetno inteligenco. Koristi, ki jih to zdru\u017eenje nudi \u010dlanom dru\u0161tev, ki so vklju\u010dena vanj, so na\u0161tete <a href=\"https:\/\/www.eurai.org\/apply_for\/membership\">tule<\/a>. Dostop do revije <a href=\"http:\/\/aicom.star.dist.unige.it\/\">AI Communications<\/a>, ki je tesno povezana z EurAI, je na voljo <a href=\"https:\/\/www.eurai.org\/library\/AI_communications\">tule<\/a> (vsakomur, ki je \u010dlan ustreznega dru\u0161tva ali pa se je pripravljen zanj izdajati).<\/p>\n","protected":false},"excerpt":{"rendered":"<p>SLAIS vzdr\u017euje dva po\u0161tna seznama: SLAIS-clani: namenjen je vsem \u010dlanom SLAISa, e-pisma se po\u0161iljajo na naslov slais-clani@ijs.si; SLAIS-izrazoslovje: namenjen je razpravam o izrazoslovju s podro\u010dje umetne inteligence, e-pisma se po\u0161iljajo na naslov slais-izrazoslovje@ijs.si. Uporabniki lahko na straneh seznamov pregledujejo arhiv in seznam uporabnikov ter spreminjajo svoje nastavitve. Kdor ne pozna svojega gesla, si ga lahko [&hellip;]<\/p>\n","protected":false},"author":1,"featured_media":0,"parent":0,"menu_order":0,"comment_status":"closed","ping_status":"open","template":"","meta":{"footnotes":""},"class_list":["post-27","page","type-page","status-publish","hentry"],"_links":{"self":[{"href":"https:\/\/slais.ijs.si\/index.php\/wp-json\/wp\/v2\/pages\/27","targetHints":{"allow":["GET"]}}],"collection":[{"href":"https:\/\/slais.ijs.si\/index.php\/wp-json\/wp\/v2\/pages"}],"about":[{"href":"https:\/\/slais.ijs.si\/index.php\/wp-json\/wp\/v2\/types\/page"}],"author":[{"embeddable":true,"href":"https:\/\/slais.ijs.si\/index.php\/wp-json\/wp\/v2\/users\/1"}],"replies":[{"embeddable":true,"href":"https:\/\/slais.ijs.si\/index.php\/wp-json\/wp\/v2\/comments?post=27"}],"version-history":[{"count":7,"href":"https:\/\/slais.ijs.si\/index.php\/wp-json\/wp\/v2\/pages\/27\/revisions"}],"predecessor-version":[{"id":341,"href":"https:\/\/slais.ijs.si\/index.php\/wp-json\/wp\/v2\/pages\/27\/revisions\/341"}],"wp:attachment":[{"href":"https:\/\/slais.ijs.si\/index.php\/wp-json\/wp\/v2\/media?parent=27"}],"curies":[{"name":"wp","href":"https:\/\/api.w.org\/{rel}","templated":true}]}}