{"id":25,"date":"2015-03-09T17:08:22","date_gmt":"2015-03-09T16:08:22","guid":{"rendered":"http:\/\/slais.ijs.si\/wp\/?page_id=25"},"modified":"2026-04-09T14:08:43","modified_gmt":"2026-04-09T12:08:43","slug":"dokumenti","status":"publish","type":"page","link":"https:\/\/slais.ijs.si\/index.php\/dokumenti\/","title":{"rendered":"Dokumenti"},"content":{"rendered":"<p class=\"title\"><strong>SLAISovi dokumenti<\/strong><\/p>\n<blockquote><p>Pristopna izjava [<a href=\"http:\/\/slais.ijs.si\/wp-content\/uploads\/2026\/04\/Pristopna-izjava-SLAIS.pdf\">pdf<\/a>]<\/p><\/blockquote>\n<ul>\n<li>Statut, prenovljen sprejet na redni skup\u0161\u010dini 2025-03-27 [<a href=\"http:\/\/slais.ijs.si\/wp-content\/uploads\/2026\/03\/SLAIS-STATUT-PRENOVLJEN.pdf\">pdf<\/a>]<\/li>\n<li>Statut, dopolnjen 1998-09-22 [<a href=\"http:\/\/slais.ijs.si\/documents\/Statut-1998-09-22.pdf\">pdf<\/a>]<\/li>\n<li>Statut, sprejet na izredni skup\u0161\u010dini 1997-11-03 [<a href=\"http:\/\/slais.ijs.si\/documents\/Statut-1997-11-03.ps\">ps<\/a>]<\/li>\n<li>Statut, sprejet na ustanovni skup\u0161\u010dini 1992-11-05 in dopolnjen na izredni skup\u0161\u010dini 1993-01-26 [<a href=\"http:\/\/slais.ijs.si\/documents\/Statut-1993-01-26.ps\">ps<\/a>]<\/li>\n<\/ul>\n<p class=\"subtitle\"><strong>Zapisniki in poro\u010dila<\/strong><\/p>\n<ul>\n<li>Zapisnik letne skup\u0161\u010dine 2026-03-16 [<a href=\"http:\/\/slais.ijs.si\/wp-content\/uploads\/2026\/04\/Zapisnik-redne-skupscine-SLAIS-16.-3.-2026_DM.pdf\">pdf<\/a>]<\/li>\n<li>Zapisnik dopisne seje izvr\u0161nega odbora 2026-01-21 [<a href=\"http:\/\/slais.ijs.si\/wp-content\/uploads\/2026\/03\/Zapisnik-dopisne-seje_razstava.pdf\">pdf<\/a>]<\/li>\n<li>Zapisnik dopisne seje izvr\u0161nega odbora 2025-12-05 [<a href=\"http:\/\/slais.ijs.si\/wp-content\/uploads\/2026\/03\/Zapisnik-dopisne-seje-20052025.pdf\">pdf<\/a>]<\/li>\n<li>Zapisnik redne seje izvr\u0161nega odbora 2025-12-02 [<a href=\"http:\/\/slais.ijs.si\/wp-content\/uploads\/2026\/03\/Zapisnik-redne-seje-IO-SLAIS.pdf\">pdf<\/a>]<\/li>\n<li>Zapisnik izredne seje izvr\u0161nega odbora 2025-11-24 [<a href=\"http:\/\/slais.ijs.si\/wp-content\/uploads\/2026\/03\/Zapisnik-Izredne-seje-IO-SLAIS.pdf\">pdf<\/a>]<\/li>\n<li>Dopisna seja izvr\u0161nega odbora 2025-09-02 [<a href=\"http:\/\/slais.ijs.si\/wp-content\/uploads\/2026\/03\/Dopisna-seja-IO-04092005.pdf\">pdf<\/a>]<\/li>\n<li>Zapisnik letne skup\u0161\u010dine 2025-03-27\u00a0[<a href=\"http:\/\/slais.ijs.si\/wp-content\/uploads\/2026\/03\/ZAPISNIK-SEJE-SKUPSCINE-SLAIS-27032025_MB_GS_ML.pdf\">pdf<\/a>]<\/li>\n<li>Zapisnik letne skup\u0161\u010dine 2024 [pdf]<\/li>\n<li>Poro\u010dilo o delu dru\u0161tva 2024-03 2025-03 [<a href=\"http:\/\/slais.ijs.si\/wp-content\/uploads\/2026\/03\/SLAIS-Porocilo-o-delu.pdf\">pdf<\/a>]<\/li>\n<li>Poro\u010dilo o delu dru\u0161tva 2023-03 2024-03\u00a0[<a href=\"http:\/\/slais.ijs.si\/wp-content\/uploads\/2026\/03\/SLAIS-Porocilo-o-delu-2023-2024.pdf\">pdf<\/a>]<\/li>\n<li>Zapisnik letne skup\u0161\u010dine 2023-03-30 [<a href=\"http:\/\/slais.ijs.si\/wp-content\/uploads\/2023\/04\/ZapisnikLetneSkupscineSLAIS_Mar23-SD_MRS__BZ_BF_PKN.pdf\">pdf<\/a>]<\/li>\n<li>Zapisnik sestanka izvr\u0161nega odbora 2023-03-20 [<a href=\"http:\/\/slais.ijs.si\/wp-content\/uploads\/2023\/03\/2023-03-20-Sestanek_IO.pdf\" target=\"_blank\" rel=\"noopener\">pdf<\/a>]<\/li>\n<li>Zapisnik sestanka izvr\u0161nega odbora 2022-04-15 [<a href=\"https:\/\/slais.ijs.si\/wp-content\/uploads\/2021\/07\/2022-04-15-Sestanek_IO.pdf\">pdf<\/a>]<\/li>\n<li>Zapisnik letne skup\u0161\u010dine 2022-04-25 [<a href=\"https:\/\/slais.ijs.si\/wp-content\/uploads\/2021\/07\/ZapisnikLetneSkupscineSLAIS_Apr22.pdf\">pdf<\/a>]<br \/>\nPoro\u010dilo o delu dru\u0161tva 2021-3 &#8211; 2022-04 [<a href=\"https:\/\/slais.ijs.si\/wp-content\/uploads\/2021\/07\/2021-Porocilo_o_deluSLAISpodpisano.pdf\">pdf<\/a>]<\/li>\n<li>Zapisnik sestanka izvr\u0161nega odbora 2021-03-18 [<a href=\"http:\/\/slais.ijs.si\/documents\/2021-03-18-SLAISzapisnikSestankaIO.pdf\">pdf<\/a>]<\/li>\n<li>Zapisnik letne skup\u0161\u010dine 2021-03-29 [<a href=\"http:\/\/slais.ijs.si\/documents\/2021-03-29-Letna_skupscina.pdf\">pdf<\/a>]<br \/>\nPoro\u010dilo o delu dru\u0161tva 2019-12 &#8211; 2021-03-18 [<a href=\"http:\/\/slais.ijs.si\/documents\/2021-03-29-PorociloSLAIS2020.pdf\">pdf<\/a>]<\/li>\n<li>Zapisnik sestanka izvr\u0161nega odbora 2020-05-14 [<a href=\"http:\/\/slais.ijs.si\/documents\/2019-Porocilo_IO_2019_12_06.pdf\">pdf<\/a>]<\/li>\n<li>Zapisnik letne skup\u0161\u010dine 2019-12-17 [<a href=\"http:\/\/slais.ijs.si\/documents\/2019-12-17-Letna_skupscinaFinal.pdf\">pdf<\/a>]<br \/>\nPoro\u010dilo o delu dru\u0161tva 2018-12 &#8211; 2019-12 [<a href=\"http:\/\/slais.ijs.si\/documents\/2019-Porocilo_o_deluSLAIS_Final.pdf\">pdf<\/a>]<\/li>\n<li>Zapisnik sestanka izvr\u0161nega odbora 2019-12-06 [<a href=\"http:\/\/slais.ijs.si\/documents\/2020-05-14-Sestanek_IO-1.pdf\">pdf<\/a>]<\/li>\n<li>Zapisnik letne skup\u0161\u010dine 2018-12-21 [<a href=\"http:\/\/slais.ijs.si\/documents\/2018-12-21-Letna_skupscina.pdf\">pdf<\/a>]<br \/>\nPoro\u010dilo o delu dru\u0161tva 2018-02 &#8211; 2018-12 [<a href=\"http:\/\/slais.ijs.si\/documents\/2018-Porocilo_o_delu.pdf\">pdf<\/a>]<\/li>\n<li>Zapisnik letne skup\u0161\u010dine 2018-02-13 [<a href=\"http:\/\/slais.ijs.si\/documents\/2018-02-13-Letna_skupscina.pdf\">pdf<\/a>]<br \/>\nPoro\u010dilo o delu dru\u0161tva 2017-01 &#8211; 2018-01 [<a href=\"http:\/\/slais.ijs.si\/documents\/2017-Porocilo_o_delu.pdf\">pdf<\/a>]<br \/>\nPoro\u010dilo o pregledu poslovanja 2017-01 &#8211; 2018-01 [<a href=\"http:\/\/slais.ijs.si\/documents\/2017-Porocilo_o_pregledu.pdf\">pdf<\/a>]<\/li>\n<li>Zapisnik sestanka izvr\u0161nega odbora\u00a02018-01-26 [<a href=\"http:\/\/slais.ijs.si\/documents\/2018-01-26-Sestanek_IO.pdf\">pdf<\/a>]<\/li>\n<li>Zapisnik sestanka izvr\u0161nega odbora\u00a02017-05-08 [<a href=\"http:\/\/slais.ijs.si\/documents\/2017-05-08-Sestanek_IO.pdf\">pdf<\/a>]<\/li>\n<li>Zapisnik letne skup\u0161\u010dine 2016-12-19 [<a href=\"http:\/\/slais.ijs.si\/documents\/2016-12-19-Letna_skupscina.pdf\">pdf<\/a>]<br \/>\nPoro\u010dilo o delu dru\u0161tva 2016-01 &#8211; 2016-12 [<a href=\"http:\/\/slais.ijs.si\/documents\/2016-Porocilo_o_delu.pdf\">pdf<\/a>]<br \/>\nPoro\u010dilo o pregledu poslovanja 2016-01 &#8211; 2016-12 [<a href=\"http:\/\/slais.ijs.si\/documents\/2016-Porocilo_o_pregledu.pdf\">pdf<\/a>]<\/li>\n<li>Zapisnik sestanka izvr\u0161nega odbora 2016-12-09 [<a href=\"http:\/\/slais.ijs.si\/documents\/2016-12-09-Sestanek_IO.pdf\">pdf<\/a>]<\/li>\n<li>Zapisnik letne skup\u0161\u010dine 2016-01-07\u00a0[<a href=\"http:\/\/slais.ijs.si\/documents\/2016-01-07-Letna_skupscina.pdf\">pdf<\/a>]<br \/>\nPoro\u010dilo o delu dru\u0161tva 2014-12 &#8211; 2015-12 [<a href=\"http:\/\/slais.ijs.si\/documents\/2015-Porocilo_o_delu.pdf\">pdf<\/a>]<br \/>\nFinan\u010dno poro\u010dilo 2014-12 &#8211; 2015-12 [<a href=\"http:\/\/slais.ijs.si\/documents\/2015-Financno_porocilo.pdf\">pdf<\/a>]<br \/>\nPoro\u010dilo o pregledu poslovanja 2014-12 &#8211; 2015-12 [<a href=\"http:\/\/slais.ijs.si\/documents\/2015-Porocilo_o_pregledu.pdf\">pdf<\/a>]<\/li>\n<li>Zapisnik sestanka izvr\u0161nega odbora 2015-11-30\u00a0[<a href=\"http:\/\/slais.ijs.si\/documents\/2015-11-30-Sestanek_IO.pdf\">pdf<\/a>]<\/li>\n<li>Zapisnik sestanka izvr\u0161nega odbora 2015-02-03 [<a href=\"http:\/\/slais.ijs.si\/documents\/2015-02-03-Sestanek_IO.pdf\">pdf<\/a>]<\/li>\n<li>Zapisnik letne skup\u0161\u010dine 2014-12-08 [<a href=\"http:\/\/slais.ijs.si\/documents\/2014-12-08-Letna_skupscina.pdf\">pdf<\/a>]<br \/>\nPoro\u010dilo o delu dru\u0161tva 2013-12 &#8211; 2014-11 [<a href=\"http:\/\/slais.ijs.si\/documents\/2014-Porocilo_o_delu.pdf\">pdf<\/a>]<\/li>\n<li>Zapisnik sestanka izvr\u0161nega odbora 2014-10-13 [<a href=\"http:\/\/slais.ijs.si\/documents\/2014-10-13-Sestanek_IO.pdf\">pdf<\/a>]<\/li>\n<li>Zapisnik letne skup\u0161\u010dine\u00a02014-01-24 [<a href=\"http:\/\/slais.ijs.si\/documents\/2014-01-24-Letna_skupscina.pdf\">pdf<\/a>]<br \/>\nPoro\u010dilo o delu dru\u0161tva 2012-10 &#8211; 2013-11 [<a href=\"http:\/\/slais.ijs.si\/documents\/2013-Porocilo_o_delu.pdf\">pdf<\/a>[<\/li>\n<li>Zapisnik sestanka izvr\u0161nega odbora 2013-12-09 [<a href=\"http:\/\/slais.ijs.si\/documents\/2013-12-19-Sestanek_IO.pdf\">pdf<\/a>]<\/li>\n<li>Zapisnik letne skup\u0161\u010dine 2013-03-26 [<a href=\"http:\/\/slais.ijs.si\/documents\/2013-03-26-Letna_skupscina.pdf\">pdf<\/a>]<br \/>\nPoro\u010dilo o delu dru\u0161tva 2011-10 &#8211; 2012-11 [<a href=\"http:\/\/slais.ijs.si\/documents\/2012-porocilo_o_delu.pdf\">pdf<\/a>]<\/li>\n<li>Zapisnik sestanka izvr\u0161nega odbora 2013-02-11 [<a href=\"http:\/\/slais.ijs.si\/documents\/2013-02-11-Sestanek_IO.pdf\">pdf<\/a>]<\/li>\n<li>Zapisnik sestanka izvr\u0161nega odbora 2012-05-10 [<a href=\"http:\/\/slais.ijs.si\/documents\/2012-05-10-Sestanek_IO.pdf\">pdf<\/a>]<\/li>\n<li>Zapisnik letne skup\u0161\u010dine 2011-12-13 [<a href=\"http:\/\/slais.ijs.si\/documents\/2011-12-13-Letna_skupscina.pdf\">pdf<\/a>]<br \/>\nPoro\u010dilo o delu dru\u0161tva 2010-10 &#8211; 2011-11 [<a href=\"http:\/\/slais.ijs.si\/documents\/2011-Porocilo_o_delu.pdf\">pdf<\/a>]<br \/>\nFinan\u010dno poro\u010dilo 2010-11-04 &#8211; 2011-12-13 [<a href=\"http:\/\/slais.ijs.si\/documents\/2011-Financno_porocilo.pdf\">pdf<\/a>]<br \/>\nPoro\u010dilo o pregledu poslovanja 2010-10 &#8211; 2011-11 [<a href=\"http:\/\/slais.ijs.si\/documents\/2011-Porocilo_o_pregledu.pdf\">pdf<\/a>]<\/li>\n<li>Zapisnik sestanka izvr\u0161nega odbora 2011-11-18 [<a href=\"http:\/\/slais.ijs.si\/documents\/2011-11-18-Sestanek_IO.pdf\">pdf<\/a>]<\/li>\n<li>Zapisnik letne skup\u0161\u010dine 2010-10-04 [<a href=\"http:\/\/slais.ijs.si\/documents\/2010-10-04-Letna_skupscina.pdf\">pdf<\/a>]<br \/>\nPoro\u010dilo o delu dru\u0161tva 2009-12 &#8211; 2010-10 [<a href=\"http:\/\/slais.ijs.si\/documents\/2010-Porocilo_o_delu.pdf\">pdf<\/a>]<br \/>\nFinan\u010dno poro\u010dilo 2009-12-10 &#8211; 2010-10-04 [<a href=\"http:\/\/slais.ijs.si\/documents\/2010-Financno_porocilo.pdf\">pdf<\/a>]<br \/>\nPoro\u010dilo o pregledu poslovanja 2009-12 &#8211; 2010-10 [<a href=\"http:\/\/slais.ijs.si\/documents\/2010-Porocilo_o_pregledu.pdf\">pdf<\/a>]<\/li>\n<li>Zapisnik sestanka izvr\u0161nega odbora 2009-09-13 [<a href=\"http:\/\/slais.ijs.si\/documents\/2010-09-13-Sestanek_IO.pdf\">pdf<\/a>]<\/li>\n<li>Zapisnik letne skup\u0161\u010dine 2009-12-11 [<a href=\"http:\/\/slais.ijs.si\/documents\/2009-12-11-Letna_skupscina.pdf\">pdf<\/a>]<br \/>\nPoro\u010dilo o delu dru\u0161tva 2009-11 &#8211; 2010-11 [<a href=\"http:\/\/slais.ijs.si\/documents\/2009-Porocilo_o_delu.pdf\">pdf<\/a>]<br \/>\nFinan\u010dno poro\u010dilo 2008-11-18 &#8211; 2009-12-10 [<a href=\"http:\/\/slais.ijs.si\/documents\/2009-Financno_porocilo.pdf\">pdf<\/a>]<\/li>\n<li>Zapisnik sestanka izvr\u0161nega odbora 2009-02-12 [<a href=\"http:\/\/slais.ijs.si\/documents\/2009-02-12-Sestanek_IO.pdf\">pdf<\/a>]<br \/>\nPredstavitve ustanov \u010dlanic SLAIS [<a href=\"http:\/\/slais.ijs.si\/documents\/2009-02-12-Predstavitve_ustanov_clanic.zip\">zip<\/a>]<\/li>\n<li>Zapisnik letne skup\u0161\u010dine 2008-11-24 [<a href=\"http:\/\/slais.ijs.si\/documents\/2008-11-24-Letna_skupscina.pdf\">pdf<\/a>]<br \/>\nPoro\u010dilo o delu dru\u0161tva 2007-11 &#8211; 2008-11 [<a href=\"http:\/\/slais.ijs.si\/documents\/2008-Porocilo_o_delu.pdf\">pdf<\/a>]<br \/>\nFinan\u010dno poro\u010dilo 2007-11-27 &#8211; 2008-11-18 [<a href=\"http:\/\/slais.ijs.si\/documents\/2008-Financno_porocilo.pdf\">pdf<\/a>]<br \/>\nPoro\u010dilo o pregledu poslovanja 2007-11 &#8211; 2008-11 [<a href=\"http:\/\/slais.ijs.si\/documents\/2008-Porocilo_o_pregledu.pdf\">pdf<\/a>]<\/li>\n<li>Zapisnik sestanka izvr\u0161nega odbora 2008-10-16 [<a href=\"http:\/\/slais.ijs.si\/documents\/2008-10-16-Sestanek_IO.pdf\">pdf<\/a>]<\/li>\n<li>Zapisnik letna skup\u0161\u010dine 2007-11-27 [<a href=\"http:\/\/slais.ijs.si\/documents\/2007-11-27-Letna_skupscina.pdf\">pdf<\/a>]<br \/>\nPoro\u010dilo o delu dru\u0161tva 2006-11 &#8211; 2007-11 [<a href=\"http:\/\/slais.ijs.si\/documents\/2007-Porocilo_o_delu.pdf\">pdf<\/a>]<br \/>\nFinan\u010dno poro\u010dilo 2006-11-07 &#8211; 2007-11-27 [<a href=\"http:\/\/slais.ijs.si\/documents\/2007-Financno_porocilo.pdf\">pdf<\/a>]<br \/>\nPoro\u010dilo o pregledu poslovanja 2006-11 &#8211; 2007-11 [<a href=\"http:\/\/slais.ijs.si\/documents\/2007-Porocilo_o_pregledu.pdf\">pdf<\/a>]<\/li>\n<li>Zapisnik letne skup\u0161\u010dine 2006-11-07 [<a href=\"http:\/\/slais.ijs.si\/documents\/2006-11-07-Letna_skupscina.pdf\">pdf<\/a>]<br \/>\nPoro\u010dilo o delu dru\u0161tva za leto 2006 [<a href=\"http:\/\/slais.ijs.si\/documents\/2006-Porocilo_o_delu.pdf\">pdf<\/a>]<br \/>\nFinan\u010dno poro\u010dilo za leto 2006 [<a href=\"http:\/\/slais.ijs.si\/documents\/2006-Financno_porocilo.pdf\">pdf<\/a>]<br \/>\nZapisnik sestanka izvr\u0161nega odbora 2006-10-05 [<a href=\"http:\/\/slais.ijs.si\/documents\/2006-10-05-Sestanek_IO.pdf\">pdf<\/a>]<\/li>\n<li>Zapisnik letne skup\u0161\u010dine 2005-11-12 [<a href=\"http:\/\/slais.ijs.si\/documents\/2005-10-12-Letna_skupscina.pdf\">pdf<\/a>]<br \/>\nPoro\u010dilo o delu dru\u0161tva za leto 2005 [<a href=\"http:\/\/slais.ijs.si\/documents\/2005-Porocilo_o_delu.pdf\">pdf<\/a>]<br \/>\nFinan\u010dno poro\u010dilo za leto 2005 [<a href=\"http:\/\/slais.ijs.si\/documents\/2005-Financno_porocilo.pdf\">pdf<\/a>]<br \/>\nProgram dela dru\u0161tva za leto 2006 [<a href=\"http:\/\/slais.ijs.si\/documents\/2005-Program_dela.pdf\">pdf<\/a>]<\/li>\n<li>Zapisnik letne skup\u0161\u010dine 2004-10-13 [<a href=\"http:\/\/slais.ijs.si\/documents\/2004-10-13-Letna_skupscina.pdf\">pdf<\/a>]<br \/>\nPoro\u010dilo o delu dru\u0161tva za leti 2003 in 2004 [<a href=\"http:\/\/slais.ijs.si\/documents\/2004-Porocilo_o_delu.pdf\">pdf<\/a>]<br \/>\nFinan\u010dno poro\u010dilo za leti 2003 in 2004 [<a href=\"http:\/\/slais.ijs.si\/documents\/2004-Financno_porocilo.pdf\">pdf<\/a>]<\/li>\n<li>Zapisnik sestanka izvr\u0161nega odbora 2004-02-03 [<a href=\"http:\/\/slais.ijs.si\/documents\/2004-02-03-Sestanek_IO.pdf\">pdf<\/a>]<\/li>\n<li>Zapisnik letne skup\u0161\u010dine 2002-11-26 [<a href=\"http:\/\/slais.ijs.si\/documents\/2002-11-26-Letna_skupscina.html\">html<\/a>]<br \/>\nPoro\u010dilo o delu dru\u0161tva za leto 2002 [<a href=\"http:\/\/slais.ijs.si\/documents\/2002-Porocilo_o_delu.html\">html<\/a>]<br \/>\nFinan\u010dno poro\u010dilo za leto 2002 [<a href=\"http:\/\/slais.ijs.si\/documents\/2002-Financno_porocilo.ps\">ps<\/a>]<\/li>\n<li>Zapisnik (nesklep\u010dnega) sestanka izvr\u0161nega odbora 2002-09-27 [<a href=\"http:\/\/slais.ijs.si\/documents\/2002-09-27-Zapisnik_IO.html\">html<\/a>]<\/li>\n<li>Zapisnik letne skup\u0161\u010dine 2001-10-22 [<a href=\"http:\/\/slais.ijs.si\/documents\/2001-10-22-Letna_skupscina.html\">html<\/a>]<br \/>\nFinan\u010dno poro\u010dilo za leto 2001 [<a href=\"http:\/\/slais.ijs.si\/documents\/2001-Financno_porocilo.ps\">ps<\/a>]<\/li>\n<li>Zapisnik sestanka izvr\u0161nega odbora 2001-10-09 [<a href=\"http:\/\/slais.ijs.si\/documents\/2001-10-09-Sestanek_IO.html\">html<\/a>]<\/li>\n<li>Zapisnik sestanka izvr\u0161nega odbora 2001-05-15 [<a href=\"http:\/\/slais.ijs.si\/documents\/2001-05-15-Sestanek_IO.html\">html<\/a>]<\/li>\n<li>Zapisnik letne skup\u0161\u010dine 2000-11-21 [<a href=\"http:\/\/slais.ijs.si\/documents\/2000-11-21-Letna_skupscina.ps\">ps<\/a>]<\/li>\n<li>Zapisnik letne skup\u0161\u010dine 1999-10-14 [<a href=\"http:\/\/slais.ijs.si\/documents\/1999-10-14-Letna_skupscina.ps\">ps<\/a>]<\/li>\n<li>Zapisnik sestanka izvr\u0161nega odbora 1999-10-14 [<a href=\"http:\/\/slais.ijs.si\/documents\/1999-10-14-Sestanek_IO.ps\">ps<\/a>]<\/li>\n<li>Zapisnik sestanka izvr\u0161nega odbora 1998-12-23 [<a href=\"http:\/\/slais.ijs.si\/documents\/1998-12-23-Sestanek_IO.ps\">ps<\/a>]<\/li>\n<li>Zapisnik sestanka izvr\u0161nega odbora 1998-03-24 [<a href=\"http:\/\/slais.ijs.si\/documents\/1998-03-24-Sestanek_IO.ps\">ps<\/a>]<\/li>\n<li>Zapisnik izredne skup\u0161\u010dine 1997-11-03 [<a href=\"http:\/\/slais.ijs.si\/documents\/1997-11-03-Izredna_skupscina.ps\">ps<\/a>]<\/li>\n<li>Zapisnik sestanka izvr\u0161nega odbora 1997-10-21 [<a href=\"http:\/\/slais.ijs.si\/documents\/1997-10-21-Sestanek_IO.ps\">ps<\/a>]<\/li>\n<li>Zapisnik letne skup\u0161\u010dine 1997-05-29 [<a href=\"http:\/\/slais.ijs.si\/documents\/1997-05-29-Letna_skupscina.ps\">ps<\/a>]<\/li>\n<li>Zapisnik sestanka izvr\u0161nega odbora 1997-05-20 [<a href=\"http:\/\/slais.ijs.si\/documents\/1997-05-20-Sestanek_IO.ps\">ps<\/a>]<\/li>\n<li>Zapisnik sestanka izvr\u0161nega odbora 1996-12-04 [<a href=\"http:\/\/slais.ijs.si\/documents\/1996-12-04-Sestanek_IO.ps\">ps<\/a>]<\/li>\n<li>Zapisnik letne skup\u0161\u010dine 1996-05-07 [<a href=\"http:\/\/slais.ijs.si\/documents\/1996-05-07-Letna_skupscina.ps\">ps<\/a>]<\/li>\n<li>Zapisnik sestanka izvr\u0161nega odbora 1996-03-21 [<a href=\"http:\/\/slais.ijs.si\/documents\/1996-03-21-Sestanek_IO.ps\">ps<\/a>]<\/li>\n<li>Zapisnik sestanka izvr\u0161nega odbora 1995-03-14 [<a href=\"http:\/\/slais.ijs.si\/documents\/1995-03-14-Sestanek_IO.ps\">ps<\/a>]<\/li>\n<li>Zapisnik letne skup\u0161\u010dine 1995-03-14 [<a href=\"http:\/\/slais.ijs.si\/documents\/1995-03-14-Letna_skupscina.ps\">ps<\/a>]<\/li>\n<li>Zapisnik letne skup\u0161\u010dine 1994-03-01 [<a href=\"http:\/\/slais.ijs.si\/documents\/1994-03-01-Letna_skupscina.ps\">ps<\/a>]<\/li>\n<\/ul>\n","protected":false},"excerpt":{"rendered":"<p>SLAISovi dokumenti Pristopna izjava [pdf] Statut, prenovljen sprejet na redni skup\u0161\u010dini 2025-03-27 [pdf] Statut, dopolnjen 1998-09-22 [pdf] Statut, sprejet na izredni skup\u0161\u010dini 1997-11-03 [ps] Statut, sprejet na ustanovni skup\u0161\u010dini 1992-11-05 in dopolnjen na izredni skup\u0161\u010dini 1993-01-26 [ps] Zapisniki in poro\u010dila Zapisnik letne skup\u0161\u010dine 2026-03-16 [pdf] Zapisnik dopisne seje izvr\u0161nega odbora 2026-01-21 [pdf] Zapisnik dopisne seje [&hellip;]<\/p>\n","protected":false},"author":1,"featured_media":0,"parent":0,"menu_order":0,"comment_status":"closed","ping_status":"open","template":"","meta":{"footnotes":""},"class_list":["post-25","page","type-page","status-publish","hentry"],"_links":{"self":[{"href":"https:\/\/slais.ijs.si\/index.php\/wp-json\/wp\/v2\/pages\/25","targetHints":{"allow":["GET"]}}],"collection":[{"href":"https:\/\/slais.ijs.si\/index.php\/wp-json\/wp\/v2\/pages"}],"about":[{"href":"https:\/\/slais.ijs.si\/index.php\/wp-json\/wp\/v2\/types\/page"}],"author":[{"embeddable":true,"href":"https:\/\/slais.ijs.si\/index.php\/wp-json\/wp\/v2\/users\/1"}],"replies":[{"embeddable":true,"href":"https:\/\/slais.ijs.si\/index.php\/wp-json\/wp\/v2\/comments?post=25"}],"version-history":[{"count":37,"href":"https:\/\/slais.ijs.si\/index.php\/wp-json\/wp\/v2\/pages\/25\/revisions"}],"predecessor-version":[{"id":622,"href":"https:\/\/slais.ijs.si\/index.php\/wp-json\/wp\/v2\/pages\/25\/revisions\/622"}],"wp:attachment":[{"href":"https:\/\/slais.ijs.si\/index.php\/wp-json\/wp\/v2\/media?parent=25"}],"curies":[{"name":"wp","href":"https:\/\/api.w.org\/{rel}","templated":true}]}}