{"id":23,"date":"2015-03-09T17:08:04","date_gmt":"2015-03-09T16:08:04","guid":{"rendered":"http:\/\/slais.ijs.si\/wp\/?page_id=23"},"modified":"2022-05-12T11:17:44","modified_gmt":"2022-05-12T09:17:44","slug":"phd-theses","status":"publish","type":"page","link":"https:\/\/slais.ijs.si\/index.php\/phd-theses\/","title":{"rendered":"Members&#8217; PhD theses"},"content":{"rendered":"<p><strong>2020<\/strong><\/p>\n<ul>\n<li>Stevanche Nikoloski: Structured output prediction and modeling soil functions (English), <a href=\"https:\/\/www.mps.si\/en\/\">Jo\u017eef Stefan International Postgraduate School<\/a>, 2020-12 [<a href=\"http:\/\/slais.ijs.si\/wp-content\/uploads\/2021\/07\/Doktorske\/phd_stevanche_nikoloski.pdf\">pdf<\/a>]<\/li>\n<li>Toma\u017e Stepi\u0161nik: Complex nodes in trees forstructured output prediction (English), <a href=\"https:\/\/www.mps.si\/en\/\">Jo\u017eef Stefan International Postgraduate School<\/a>, 2020-12 [<a href=\"http:\/\/slais.ijs.si\/wp-content\/uploads\/2021\/07\/Doktorske\/phd_tomaz_stepisnik.pdf\">pdf<\/a>]<\/li>\n<li>Matej Petkovi\u0107: Feature Ranking for Structured output Prediction (English), <a href=\"https:\/\/www.mps.si\/en\/\">Jo\u017eef Stefan International Postgraduate School<\/a>, 2020-10 [<a href=\"http:\/\/slais.ijs.si\/wp-content\/uploads\/2021\/07\/Doktorske\/phd_matej_petkovic.pdf\">pdf<\/a>]<\/li>\n<\/ul>\n<p><strong>2019<\/strong><\/p>\n<ul>\n<li>Martin Breskvar: Tree and rule ensembles for multi-target prediction with random output subspaces (English), <a href=\"https:\/\/www.mps.si\/en\/\">Jo\u017eef Stefan International Postgraduate School<\/a>, 2019-3 [<a href=\"http:\/\/slais.ijs.si\/wp-content\/uploads\/2021\/07\/Doktorske\/phd_martin_breskvar.pdf\">pdf<\/a>]<\/li>\n<\/ul>\n<p><strong>2018<\/strong><\/p>\n<ul>\n<li>Anita Valmarska: Descriptive data mining for Parkinson\u2019s disease data analysis (English), <a href=\"https:\/\/www.mps.si\/en\/\">Jo\u017eef Stefan International Postgraduate School<\/a>, 2018-6 [<a href=\"http:\/\/slais.ijs.si\/wp-content\/uploads\/2021\/07\/Doktorske\/phd_anita_valmarska.pdf\">pdf<\/a>]<\/li>\n<li>Matej Mihel\u010di\u0107: Construction and exploration of redescription sets (English),<a href=\"https:\/\/www.mps.si\/en\/\"> Jo\u017eef Stefan International Postgraduate School<\/a>, 2018-4 [<a href=\"http:\/\/slais.ijs.si\/wp-content\/uploads\/2021\/07\/Doktorske\/phd_matej_mihelcic.pdf\">pdf<\/a>]<\/li>\n<li>Alja\u017e Osojnik: Structured output prediction on data streams (English), <a href=\"https:\/\/www.mps.si\/en\/\">Jo\u017eef Stefan International Postgraduate School<\/a>, 2018-3 [<a href=\"http:\/\/slais.ijs.si\/wp-content\/uploads\/2021\/07\/Doktorske\/phd_aljaz_osojnik.pdf\">pdf<\/a>]<\/li>\n<\/ul>\n<p class=\"subtitle\"><strong>2017<\/strong><\/p>\n<ul>\n<li>Jan Kralj: Heterogeneous information network analysis for semantic data mining (English), <a href=\"https:\/\/www.mps.si\/en\/\">Jo\u017eef Stefan International Postgraduate School<\/a>, 2017-10 [<a href=\"http:\/\/slais.ijs.si\/wp-content\/uploads\/2021\/07\/Doktorske\/phd_jan_kralj.pdf\">pdf<\/a>]<\/li>\n<li>Janez Kranjc: Web workflows for data mining in the cloud (English), <a href=\"https:\/\/www.mps.si\/en\/\">Jo\u017eef Stefan International Postgraduate School<\/a>, 2017-6 [<a href=\"http:\/\/slais.ijs.si\/wp-content\/uploads\/2021\/07\/Doktorske\/phd_janez_kranjc.pdf\">pdf<\/a>]<\/li>\n<li>Petar Vra\u010dar: Analiza poteka markovskih procesov pri modeliranju tekem v \u0161portnih igrah (Analysis of Markov processes in team sports modeling), University of Ljubljana, <a href=\"http:\/\/www.fri.uni-lj.si\/\">Faculty of Computer and Information Science<\/a>, 2017-03-29. [<a href=\"http:\/\/slais.ijs.si\/theses\/2017-03-29-Vracar.pdf\">pdf<\/a>]<\/li>\n<\/ul>\n<p class=\"subtitle\"><strong>2016<\/strong><\/p>\n<ul>\n<li>Jan Rupnik:\u00a0Multi-View Canonical Correlation Analysis.\u00a0<a href=\"http:\/\/www.mps.si\/\">Jo\u017eef Stefan International Postgraduate School<\/a>, 2016-06-17. [<a href=\"http:\/\/slais.ijs.si\/theses\/2016-06-17-Rupnik.pdf\">pdf<\/a>]<\/li>\n<li>Nejc Trdin:\u00a0New Generation Platform for Multi-Criteria Qualitative Decision Modelling with Method DEX. <a href=\"http:\/\/www.mps.si\/\">Jo\u017eef Stefan International Postgraduate School<\/a>, 2016-02-26. [<a href=\"http:\/\/slais.ijs.si\/theses\/2016-02-26-Trdin.pdf\">pdf<\/a>]<\/li>\n<li>Vladimir Kuzmanovski: Integrating decision support and data mining for risk evaluation and management: A methodological framework and a case study in agriculture (English),<a href=\"https:\/\/www.mps.si\/en\/\"> Jo\u017eef Stefan International Postgraduate School<\/a>, 2016-11 [<a href=\"http:\/\/slais.ijs.si\/wp-content\/uploads\/2021\/07\/Doktorske\/phd_vladimir_kuzmanovski.pdf\">pdf<\/a>]<\/li>\n<li>Jovan Tanevski: Deterministic and stochastic process-based modeling and design of dynamic systems in biology (English), <a href=\"https:\/\/www.mps.si\/en\/\">Jo\u017eef Stefan International Postgraduate School<\/a>, 2016-8 [<a href=\"http:\/\/slais.ijs.si\/wp-content\/uploads\/2021\/07\/Doktorske\/phd_jovan_tanevski.pdf\">pdf<\/a>]<\/li>\n<li>An\u017ee Vavpeti\u010d: Semantic subgroup discovery (English),<a href=\"https:\/\/www.mps.si\/en\/\"> Jo\u017eef Stefan International Postgraduate School<\/a>, 2016-5 [<a href=\"http:\/\/slais.ijs.si\/wp-content\/uploads\/2021\/07\/Doktorske\/phd_anze_vavpetic.pdf\">pdf<\/a>]<\/li>\n<li>Nikola Simidjievski: Ensembles of Process-Based Models of Dynamic Systems (English), <a href=\"https:\/\/www.mps.si\/en\/\">Jo\u017eef Stefan International Postgraduate School<\/a>, 2016-5 [<a href=\"http:\/\/slais.ijs.si\/wp-content\/uploads\/2021\/07\/Doktorske\/phd_nikola_simidjievski.pdf\">pdf<\/a>]<\/li>\n<li>Matic Perov\u0161ek: Advanced text processing workflows in a web-based text mining platform (English), <a href=\"https:\/\/www.mps.si\/en\/\">Jo\u017eef Stefan International Postgraduate School<\/a>, 2016-5 [<a href=\"http:\/\/slais.ijs.si\/wp-content\/uploads\/2021\/07\/Doktorske\/phd_matic_perovsek.pdf\">pdf<\/a>]<\/li>\n<\/ul>\n<p class=\"subtitle\"><strong>2015<\/strong><\/p>\n<ul>\n<li><a href=\"http:\/\/www.mitjat.com\/\">Mitja Trampu\u0161<\/a>:\u00a0Semantic Approaches to Domain Template Construction and Opinion Mining from Natural Language.\u00a0University of Ljubljana, <a href=\"http:\/\/www.fri.uni-lj.si\/\">Faculty of Computer and Information Science<\/a>, 2015-06-16. [<a href=\"http:\/\/slais.ijs.si\/theses\/2015-06-16-Trampus.pdf\">pdf<\/a>]<\/li>\n<li><a href=\"http:\/\/dis.ijs.si\/miha\/\">Miha Mlakar<\/a>:\u00a0Evolutionary Multiobjective Optimization Based on Gaussian Process Modeling.\u00a0<a href=\"http:\/\/www.mps.si\/\">Jo\u017eef Stefan International Postgraduate School<\/a>, 2015-04-20. [<a href=\"http:\/\/slais.ijs.si\/theses\/2015-04-20-Mlakar.pdf\">pdf<\/a>]<\/li>\n<li><a href=\"http:\/\/dis.ijs.si\/hristijan\/\">Hristijan Gjoreski<\/a>: Context-Based Reasoning in Ambient Intelligence.\u00a0<a href=\"http:\/\/www.mps.si\/\">Jo\u017eef Stefan International Postgraduate School<\/a>, 2015-01-29. [<a href=\"http:\/\/slais.ijs.si\/theses\/2015-01-29-Gjoreski.pdf\">pdf<\/a>]<\/li>\n<li>Jasmina Smailovi\u0107: Sentiment analysis in streams of microblogging posts (English), <a href=\"https:\/\/www.mps.si\/en\/\">Jo\u017eef Stefan International Postgraduate School<\/a>, 2015-1 [<a href=\"http:\/\/slais.ijs.si\/wp-content\/uploads\/2021\/07\/Doktorske\/phd_jasmina_smailovic.pdf\">pdf<\/a>]<\/li>\n<li>Miha Gr\u010dar: Mining text-enriched heterogeneous information networks (English), <a href=\"https:\/\/www.mps.si\/en\/\">Jo\u017eef Stefan International Postgraduate Schoo<\/a>l, 2015-10 [<a href=\"http:\/\/slais.ijs.si\/wp-content\/uploads\/2021\/07\/Doktorske\/phd_miha_grcar.pdf\">pdf<\/a>]<\/li>\n<li>Valentin Gjorgjioski: Distance-based learning from structured data (English), <a href=\"https:\/\/www.mps.si\/en\/\">Jo\u017eef Stefan International Postgraduate School<\/a>, 2015-3 [<a href=\"http:\/\/slais.ijs.si\/wp-content\/uploads\/2021\/07\/Doktorske\/phd_valentin_gjorgjioski.pdf\">pdf<\/a>]<\/li>\n<\/ul>\n<p class=\"subtitle\"><strong>2014<\/strong><\/p>\n<ul>\n<li><a href=\"http:\/\/ailab.ijs.si\/delia_rusu\/\">Delia Rusu<\/a>: Text Annotation Using Background Knowledge. <a href=\"http:\/\/www.mps.si\/\">Jo\u017eef Stefan International Postgraduate School<\/a>, 2014-12-15. [<a href=\"http:\/\/slais.ijs.si\/theses\/2014-12-15-Rusu.pdf\">pdf<\/a>]<\/li>\n<li><a href=\"http:\/\/dis.ijs.si\/tea\/\">Tea Tu\u0161ar<\/a>: Visualizing Solution Sets in Multiobjective Optimization.\u00a0<a href=\"http:\/\/www.mps.si\/\">Jo\u017eef Stefan International Postgraduate School<\/a>, 2014-09-18. [<a href=\"http:\/\/slais.ijs.si\/theses\/2014-09-18-Tusar.pdf\">pdf<\/a>]<\/li>\n<li><a href=\"http:\/\/www.cs.cornell.edu\/~rs\/\">Ruben Sipos<\/a>: Condensing Information: From Supervised to Crowdsourced Learning.\u00a0<a href=\"http:\/\/www.cornell.edu\/\">Cornell University<\/a>, 2014-08-18. [<a href=\"http:\/\/slais.ijs.si\/theses\/2014-08-18-Sipos.pdf\">pdf<\/a>]<\/li>\n<li><a href=\"http:\/\/kt.ijs.si\/mem\/borut_sluban\">Borut Sluban:<\/a> Ensemble-Based Noise and Outlier Detection.\u00a0<a href=\"http:\/\/www.mps.si\/\">Jo\u017eef Stefan International Postgraduate School<\/a>, 2014-03-19. [<a href=\"http:\/\/slais.ijs.si\/theses\/2014-03-19-Sluban.pdf\">pdf<\/a>]<\/li>\n<li><a href=\"http:\/\/kt.ijs.si\/mem\/dragana_miljkovic\">Dragana Miljkovi\u0107<\/a>:\u00a0Semi-automated Knowledge Elicitation for Modelling Plant Defence Response.\u00a0<a href=\"http:\/\/www.mps.si\/\">Jo\u017eef Stefan International Postgraduate School<\/a>, 2014-01-10. [<a href=\"http:\/\/slais.ijs.si\/theses\/2014-01-10-Miljkovic.pdf\">pdf<\/a>]<\/li>\n<li>Senja Pollak: Semi-automatic Domain Modeling from Multilingual Corpora (English), <a href=\"https:\/\/www.ff.uni-lj.si\/en\">University of Ljubljana, Faculty of Arts<\/a>, 2014-2 [<a href=\"http:\/\/slais.ijs.si\/wp-content\/uploads\/2021\/07\/Doktorske\/phd_senja_pollak.pdf\">pdf<\/a>]<\/li>\n<li>Darko Aleksovski: Tree ensembles for discrete-time modeling of non-linear dynamic systems (English), <a href=\"https:\/\/www.mps.si\/en\/\">Jo\u017eef Stefan International Postgraduate School<\/a>, 2014-10 [<a href=\"http:\/\/slais.ijs.si\/wp-content\/uploads\/2021\/07\/Doktorske\/phd_darko_aleksovski.pdf\">pdf<\/a>]<\/li>\n<\/ul>\n<p class=\"subtitle\"><strong>2013<\/strong><\/p>\n<ul>\n<li><a href=\"http:\/\/ailab.ijs.si\/nenad_tomasev\/\">Nenad Toma\u0161ev<\/a>: The Role of Hubness in High-dimensional Data Analysis.\u00a0<a href=\"http:\/\/www.mps.si\/\">Jo\u017eef Stefan International Postgraduate School<\/a>, 2013-12-18. [<a href=\"http:\/\/slais.ijs.si\/theses\/2013-12-18-Tomasev.pdf\">pdf<\/a>]<\/li>\n<li><a href=\"http:\/\/kt.ijs.si\/biljana_mileva\/\">Biljana Mileva-Boshkoska<\/a>: From Qualitative to Quantitative Evaluation Methods in Multi-Criteria Decision Models.\u00a0<a href=\"http:\/\/www.mps.si\/\">Jo\u017eef Stefan International Postgraduate School<\/a>, 2013-12-16. [<a href=\"http:\/\/slais.ijs.si\/theses\/2013-12-16-Mileva-Boshkoska.pdf\">pdf<\/a>]<\/li>\n<li><a href=\"http:\/\/www.linkedin.com\/pub\/violeta-mirchevska\/5\/142\/b40\">Violeta Mirchevska<\/a>: Behavior Modeling by Combining Machine Learning and Domain Knowledge.\u00a0<a href=\"http:\/\/www.mps.si\/\">Jo\u017eef Stefan International Postgraduate School<\/a>, 2013-11-14. [<a href=\"http:\/\/slais.ijs.si\/theses\/2013-11-14-Mirchevska.pdf\">pdf<\/a>]<\/li>\n<li>Bojan Bla\u017eica: The Inherent Context Awareness of Natural User Interfaces: A Case Study on Multitouch Displays.\u00a0<a href=\"http:\/\/www.mps.si\/\">Jo\u017eef Stefan International Postgraduate School<\/a>, 2013-09-20. [<a href=\"http:\/\/slais.ijs.si\/theses\/2013-09-20-Blazica.pdf\">pdf<\/a>]<\/li>\n<li><a href=\"http:\/\/kt.ijs.si\/mem\/darko_cerepnalkoski\">Darko \u010cerepnalkoski<\/a>: Process-based Models of Dynamical Systems: Representation and Induction. <a href=\"http:\/\/www.mps.si\/\">Jo\u017eef Stefan International Postgraduate School<\/a>, 2013-09-20. [<a href=\"http:\/\/slais.ijs.si\/theses\/2013-09-20-Cerepnalkoski.pdf\">pdf<\/a>]<\/li>\n<li>Bojan Ploj: Metoda mejnih parov za u\u010denje umetnih nevronskih mre\u017e (Border Pair Method for the Artificial Neural Network Learning). University of Maribor, <a href=\"http:\/\/feri.um.si\/\">Faculty of Electrical Engineering and Computer Science<\/a>, 2013-07-11. [<a href=\"http:\/\/slais.ijs.si\/theses\/2013-07-11-Ploj.pdf\">pdf<\/a>]<\/li>\n<li><a href=\"http:\/\/kt.ijs.si\/mem\/matjaz_jursic\">Matja\u017e Jur\u0161i\u010d<\/a>: Text Mining for Cross-domain Knowledge Discovery. <a href=\"http:\/\/www.mps.si\/\">Jo\u017eef Stefan International Postgraduate School<\/a>, 2013-07-03. [<a href=\"http:\/\/slais.ijs.si\/theses\/2013-07-03-Jursic.pdf\">pdf<\/a>]<\/li>\n<li><a href=\"http:\/\/bostjankaluza.net\/\">Bo\u0161tjan Kalu\u017ea<\/a>: Detection of Anomalous and Suspicious Behavior Patterns from Spatio-temporal Agent Traces. <a href=\"http:\/\/www.mps.si\/\">Jo\u017eef Stefan International Postgraduate School<\/a>, 2013-05-30. [<a href=\"http:\/\/slais.ijs.si\/theses\/2013-05-30-Kaluza.pdf\">pdf<\/a>]<\/li>\n<li><a href=\"http:\/\/kt.ijs.si\/vid_podpecan\/\">Vid Podpe\u010dan<\/a>: Knowledge Discovery in a Service-oriented Data Mining Environment. <a href=\"http:\/\/www.mps.si\/\">Jo\u017eef Stefan International Postgraduate School<\/a>, 2013-03-25. [<a href=\"http:\/\/slais.ijs.si\/theses\/2013-03-25-Podpecan.pdf\">pdf<\/a>]<\/li>\n<\/ul>\n<p class=\"subtitle\"><strong>2012<\/strong><\/p>\n<ul>\n<li><a href=\"http:\/\/labraj.feri.um.si\/en\/Ale%C5%A1_Zamuda\">Ale\u0161 Zamuda<\/a>: Diferencialna evolucija za rekonstrukcijo parametriziranih proceduralnih drevesnih modelov (Differential Evolution for Parametrized Procedural Woody Plant Models Reconstruction). University of Maribor, <a href=\"http:\/\/feri.um.si\/\">Faculty of Electrical Engineering and Computer Science<\/a>, 2012-05-15. [<a href=\"http:\/\/slais.ijs.si\/theses\/2012-05-15-Zamuda.pdf\">pdf<\/a>]<\/li>\n<li><a href=\"http:\/\/vedranavidulin.com\/\">Vedrana Vidulin<\/a>: Searching for Credible Relations in Machine Learning.\u00a0<a href=\"http:\/\/www.mps.si\/\">Jo\u017eef Stefan International Postgraduate School<\/a>, 2012-02-03. [<a href=\"http:\/\/slais.ijs.si\/theses\/2012-02-03-Vidulin.pdf\">pdf<\/a>]<\/li>\n<li>Pan\u010de Panov: A Modular Ontology of Data Mining (English), <a href=\"https:\/\/www.mps.si\/en\/\">Jo\u017eef Stefan International Postgraduate School<\/a>, 2012-7 [<a href=\"http:\/\/slais.ijs.si\/wp-content\/uploads\/2021\/07\/Doktorske\/phd_pance_panov.pdf\">pdf<\/a>]<\/li>\n<li>Daniela Stojanova: Considering Autocorrelation In Predictive Models (English), <a href=\"https:\/\/www.mps.si\/en\/\">Jo\u017eef Stefan International Postgraduate School<\/a>, 2012-12 [<a href=\"http:\/\/slais.ijs.si\/wp-content\/uploads\/2021\/07\/Doktorske\/phd_daniela_stojanova.pdf\">pdf<\/a>]<\/li>\n<li>Aleksandar Pe\u010dkov: A Machine Learning Approach to Polynomial Regression (English), <a href=\"https:\/\/www.mps.si\/en\/\">Jo\u017eef Stefan International Postgraduate School<\/a>, 2012-10 [<a href=\"http:\/\/slais.ijs.si\/wp-content\/uploads\/2021\/07\/Doktorske\/phd_aleksandar_peckov.pdf\">pdf<\/a>]<\/li>\n<li>Elena Ikonomovska: Algorithms for Learning Regression Trees and Ensembles on Evolving Data Streams (English), <a href=\"https:\/\/www.mps.si\/en\/\">Jo\u017eef Stefan International Postgraduate School<\/a>, 2012-10 [<a href=\"http:\/\/slais.ijs.si\/wp-content\/uploads\/2021\/07\/Doktorske\/phd_elena_ikonomovska.pdf\">pdf<\/a>]<\/li>\n<\/ul>\n<p class=\"subtitle\"><strong>2011<\/strong><\/p>\n<ul>\n<li><a href=\"http:\/\/ailab.ijs.si\/inna_novalija\/\">Inna Novalija:<\/a> Ontology Extension Using Text Mining for News Analysis. <a href=\"http:\/\/www.mps.si\/\">Jo\u017eef Stefan International Postgraduate School<\/a>, 2011-10-17. [<a href=\"http:\/\/slais.ijs.si\/theses\/2011-10-17-Novalija.pdf\">pdf<\/a>]<\/li>\n<li><a href=\"http:\/\/www.blazfortuna.com\/\">Bla\u017e Fortuna<\/a>: Semi-Automatic Ontology Construction. <a href=\"http:\/\/www.mps.si\/\">Jo\u017eef Stefan International Postgraduate School<\/a>, 2011-10-12. [<a href=\"http:\/\/slais.ijs.si\/theses\/2011-10-12-Fortuna.pdf\">pdf<\/a>]<\/li>\n<li><a href=\"http:\/\/www.ailab.si\/jure\/\">Jure \u017dabkar<\/a>: U\u010denje kvalitativnih odvisnosti (Learning qualitative relations). University of Ljubljana, <a href=\"http:\/\/www.fri.uni-lj.si\/\">Faculty of Computer and Information Science<\/a>, 2011-09-16. [<a href=\"http:\/\/slais.ijs.si\/theses\/2011-09-16-Zabkar.pdf\">pdf<\/a>]<\/li>\n<li>Dragi Kocev: Ensembles for Predicting Structured Outputs (English), <a href=\"https:\/\/www.mps.si\/en\/\">Jo\u017eef Stefan International Postgraduate School<\/a>, 2011-4 [<a href=\"http:\/\/slais.ijs.si\/wp-content\/uploads\/2021\/07\/Doktorske\/phd_dragi_kocev.pdf\">pdf<\/a>]<\/li>\n<li>Aleksander Pur: Model for Monitoring and Assessment of a Public Health Care Network (English), <a href=\"https:\/\/www.mps.si\/en\/\">Jo\u017eef Stefan International Postgraduate School<\/a>, 2011-9 [<a href=\"http:\/\/slais.ijs.si\/wp-content\/uploads\/2021\/07\/Doktorske\/phd_aleksander_pur.pdf\">pdf<\/a>]<\/li>\n<\/ul>\n<p class=\"subtitle\"><strong>2010<\/strong><\/p>\n<ul>\n<li><a href=\"http:\/\/kt.ijs.si\/aneta_trajanov\/\">Aneta Trajanov<\/a>: Analysis of Results of Ecological Simulation Models with Machine Learning. <a href=\"http:\/\/www.mps.si\/\">Jo\u017eef Stefan International Postgraduate School<\/a>, 2010-04-12. [<a href=\"http:\/\/slais.ijs.si\/theses\/2010-04-12-Trajanov.pdf\">pdf<\/a>]<\/li>\n<\/ul>\n<p class=\"subtitle\"><strong>2009<\/strong><\/p>\n<ul>\n<li>Martin Mo\u017eina: Argument Based Machine Learning. University of Ljubljana, <a href=\"http:\/\/www.fri.uni-lj.si\/\">Faculty of Computer and Information Science<\/a>, 2009-12-11. [<a href=\"http:\/\/slais.ijs.si\/theses\/2009-12-11-Mozina.pdf\">pdf<\/a>]<\/li>\n<li>Ingrid Petri\u010d: Text Mining for Discovering Implicit Relationships in Biomedical Literature. <a href=\"http:\/\/www.mps.si\/\">Jo\u017eef Stefan International Postgraduate School<\/a>, 2009-10-30. [<a href=\"http:\/\/slais.ijs.si\/theses\/2009-10-30-Petric.pdf\">pdf<\/a>]<\/li>\n<li><a href=\"http:\/\/kt.ijs.si\/petra_kralj\/\">Petra Kralj Novak<\/a>: Supervised Descriptive Rule Induction. <a href=\"http:\/\/www.mps.si\/\">Jo\u017eef Stefan International Postgraduate School<\/a>, 2009-03-26. [<a href=\"http:\/\/slais.ijs.si\/theses\/2009-03-26-Kralj-Novak.pdf\">pdf<\/a>]<\/li>\n<li><a href=\"http:\/\/lisa.uni-mb.si\/osebje\/AndrejBregar.htm\">Andrej Bregar<\/a>: Vpeljava zdru\u017eitveno-razdru\u017eitvenega principa v integrativne pogajalske procese (An Aggregation-Disaggregation Approach to Integrative Negotiations). University of Maribor, <a href=\"http:\/\/www.feri.uni-mb.si\/\">Faculty of Electrical Engineering and Computer Science<\/a>, 2009-02-02. [<a href=\"http:\/\/slais.ijs.si\/theses\/2009-02-02-Bregar.pdf\">pdf<\/a>]<\/li>\n<\/ul>\n<p class=\"subtitle\"><strong>2008<\/strong><\/p>\n<ul>\n<li><a href=\"http:\/\/dis.ijs.si\/Domen\/\">Domen Marin\u010di\u010d<\/a>: Strojno raz\u010dlenjevanje besedila z iskanjem stavkov in na\u0161tevanj (Automatic Text Parsing Aided by Clause Splitting and Interclausal Coordination Detection). <a href=\"http:\/\/www.mps.si\/\">Jo\u017eef Stefan International Postgraduate School<\/a>, 2008-12-24. [<a href=\"http:\/\/slais.ijs.si\/theses\/2008-12-24-Marincic.pdf\">pdf<\/a>]<\/li>\n<li><a href=\"http:\/\/www.cs.cmu.edu\/~jure\/\">Jure Leskovec:<\/a> Dynamics of Large Networks. Carnegie Mellon University, <a href=\"http:\/\/www.ml.cmu.edu\/\">Machine Learning Department<\/a>, 2008-09. [<a href=\"http:\/\/slais.ijs.si\/theses\/2008-09-Leskovec.pdf\">pdf<\/a>]<\/li>\n<\/ul>\n<p class=\"subtitle\"><strong>2007<\/strong><\/p>\n<ul>\n<li><a href=\"http:\/\/kt.ijs.si\/igor_trajkovski\/\">Igor Trajkovski<\/a>: Functional Interpretation of Gene Expression Data. <a href=\"http:\/\/www.mps.si\/\">Jo\u017eef Stefan International Postgraduate School<\/a>, 2007-12-14. [<a href=\"http:\/\/slais.ijs.si\/theses\/2007-12-14-Trajkovski.pdf\">pdf<\/a>]<\/li>\n<li><a href=\"http:\/\/lkm.fri.uni-lj.si\/zoranb\/\">Zoran Bosni\u0107<\/a>: Ocenjevanje zanesljivosti posameznih napovedi z analizo ob\u010dutljivosti regresijskih modelov (Estimation of Individual Prediction Reliability Using Sensitivity Analysis of Regression Models). University of Ljubljana, <a href=\"http:\/\/www.fri.uni-lj.si\/\">Faculty of Computer and Information Science<\/a>, 2007-12-03. [<a href=\"http:\/\/slais.ijs.si\/theses\/2007-12-03-Bosnic.pdf\">pdf<\/a>][<a href=\"http:\/\/lkm.fri.uni-lj.si\/zoranb\/dissertation.htm\">link<\/a>]<\/li>\n<li><a href=\"http:\/\/www.ailab.si\/tomaz\/\">Toma\u017e Curk<\/a>: Ra\u010dunski pristopi k odkrivanju genskih mre\u017e. University of Ljubljana, <a href=\"http:\/\/www.fri.uni-lj.si\/\">Faculty of Computer and Information Science<\/a>, 2007-10-18. [<a href=\"http:\/\/slais.ijs.si\/theses\/2007-10-18-Curk.pdf\">pdf<\/a>]<\/li>\n<li><a href=\"http:\/\/kt.ijs.si\/mem\/martin_znidarsic\">Martin \u017dnidar\u0161i\u010d<\/a>: Revizija verjetnostnih ve\u010dparametrskih hierarhi\u010dnih modelov. University of Ljubljana, <a href=\"http:\/\/www.fri.uni-lj.si\/\">Faculty of Computer and Information Science<\/a>, 2007-09-07. [<a href=\"http:\/\/slais.ijs.si\/theses\/2007-09-07-Znidarsic.pdf\">pdf<\/a>]<\/li>\n<li><a href=\"http:\/\/dis.ijs.si\/mitjal\/\">Mitja Lu\u0161trek<\/a>: Patologija v hevristi\u010dnih preiskovalnih algoritmih (Pathology in Heuristic Search Algorithms). University of Ljubljana, <a href=\"http:\/\/www.fri.uni-lj.si\/\">Faculty of Computer and Information Science<\/a>, 2007-06-20. [<a href=\"http:\/\/slais.ijs.si\/theses\/2007-06-20-Lustrek.pdf\">pdf<\/a>]<\/li>\n<li><a href=\"http:\/\/www.fri.uni-lj.si\/en\/personnel\/307\/oseba.html\">Luka \u0160ajn<\/a>: Ve\u010dresolucijska parametrizacija za klasifikacijo tekstur in uporaba za analizo scintigrafskih slik (Multi-resolution parametrization for texture classification and its application in analysis of scintigraphy images). University of Ljubljana, <a href=\"http:\/\/www.fri.uni-lj.si\/\">Faculty of Computer and Information Science<\/a>, 2007-06-20. [<a href=\"http:\/\/slais.ijs.si\/theses\/2007-06-20-Sajn.pdf\">pdf<\/a>]<\/li>\n<li><a href=\"http:\/\/ai.fri.uni-lj.si\/gregorl\/\">Gregor Leban<\/a>: Vizualizacija podatkov s strojnim u\u010denjem. University of Ljubljana, <a href=\"http:\/\/www.fri.uni-lj.si\/\">Faculty of Computer and Information Science<\/a>, 2007-06-20. [<a href=\"http:\/\/slais.ijs.si\/theses\/2007-06-20-Leban.pdf\">pdf<\/a>]<\/li>\n<li><a href=\"http:\/\/kt.ijs.si\/bernard\/\">Bernard \u017denko<\/a>: Learning predictive clustering rules. University of Ljubljana, <a href=\"http:\/\/www.fri.uni-lj.si\/\">Faculty of Computer and Information Science<\/a>, 2007-05-25. [<a href=\"http:\/\/slais.ijs.si\/theses\/2007-05-25-Zenko.pdf\">pdf<\/a>]<\/li>\n<li>\u00a0Avtomatsko modeliranje ve\u010dagentnih sistemov. University of Ljubljana, <a href=\"http:\/\/www.fri.uni-lj.si\/\">Faculty of Computer and Information Science<\/a>, 2007-01-03. [<a href=\"http:\/\/slais.ijs.si\/theses\/2007-01-03-Bezek.pdf\">pdf<\/a>]<\/li>\n<\/ul>\n<p>2003<\/p>\n<ul>\n<li>Damjan Dem\u0161ar: Induktivno logi\u010dno programiranje s specializacijo hipotez. University of Ljubljana,\u00a0<a href=\"http:\/\/www.fri.uni-lj.si\/\">Faculty of Computer and Information Science<\/a>, [<a href=\"http:\/\/slais.ijs.si\/wp-content\/uploads\/2021\/07\/Doktorske\/demsar_phd.pdf\">pdf<\/a>]<\/li>\n<\/ul>\n","protected":false},"excerpt":{"rendered":"<p>2020 Stevanche Nikoloski: Structured output prediction and modeling soil functions (English), Jo\u017eef Stefan International Postgraduate School, 2020-12 [pdf] Toma\u017e Stepi\u0161nik: Complex nodes in trees forstructured output prediction (English), Jo\u017eef Stefan International Postgraduate School, 2020-12 [pdf] Matej Petkovi\u0107: Feature Ranking for Structured output Prediction (English), Jo\u017eef Stefan International Postgraduate School, 2020-10 [pdf] 2019 Martin Breskvar: Tree [&hellip;]<\/p>\n","protected":false},"author":1,"featured_media":0,"parent":0,"menu_order":0,"comment_status":"closed","ping_status":"open","template":"","meta":{"footnotes":""},"class_list":["post-23","page","type-page","status-publish","hentry"],"_links":{"self":[{"href":"https:\/\/slais.ijs.si\/index.php\/wp-json\/wp\/v2\/pages\/23","targetHints":{"allow":["GET"]}}],"collection":[{"href":"https:\/\/slais.ijs.si\/index.php\/wp-json\/wp\/v2\/pages"}],"about":[{"href":"https:\/\/slais.ijs.si\/index.php\/wp-json\/wp\/v2\/types\/page"}],"author":[{"embeddable":true,"href":"https:\/\/slais.ijs.si\/index.php\/wp-json\/wp\/v2\/users\/1"}],"replies":[{"embeddable":true,"href":"https:\/\/slais.ijs.si\/index.php\/wp-json\/wp\/v2\/comments?post=23"}],"version-history":[{"count":16,"href":"https:\/\/slais.ijs.si\/index.php\/wp-json\/wp\/v2\/pages\/23\/revisions"}],"predecessor-version":[{"id":510,"href":"https:\/\/slais.ijs.si\/index.php\/wp-json\/wp\/v2\/pages\/23\/revisions\/510"}],"wp:attachment":[{"href":"https:\/\/slais.ijs.si\/index.php\/wp-json\/wp\/v2\/media?parent=23"}],"curies":[{"name":"wp","href":"https:\/\/api.w.org\/{rel}","templated":true}]}}