{"id":21,"date":"2015-03-09T17:07:42","date_gmt":"2015-03-09T16:07:42","guid":{"rendered":"http:\/\/slais.ijs.si\/wp\/?page_id=21"},"modified":"2021-09-07T09:11:10","modified_gmt":"2021-09-07T07:11:10","slug":"history","status":"publish","type":"page","link":"https:\/\/slais.ijs.si\/index.php\/history\/","title":{"rendered":"History of AI in Slovenia"},"content":{"rendered":"\n<p class=\"subtitle\"><strong>Research organisations<\/strong><\/p>\n\n\n\n<p>Research in artificial intelligence (AI) in Slovenia started in 1972 at the Computer Science Department of the <a href=\"http:\/\/www.ijs.si\/ijs.html\">Jozef Stefan Institute<\/a> (JSI) in <a href=\"http:\/\/www.ijs.si\/slo-ljubljana.html\">Ljubljana<\/a>, and later also at the <a href=\"http:\/\/www.fri.uni-lj.si\/\">Faculty of Computer and Information Science<\/a> (FRI), <a href=\"http:\/\/www.uni-lj.si\/\">University of Ljubljana<\/a>. At JSI, the AI Group was formally founded in 1979 and reorganised into the AI Laboratory in 1985. In 1995, the <a href=\"http:\/\/ai.ijs.si\/\">Department of Intelligent Systems<\/a> was established by merging Artificial Intelligence Laboratory and Language and Speech Technology Laboratory. At FRI, the <a href=\"http:\/\/ai.fri.uni-lj.si\/\">AI Laboratory<\/a> was founded in 1981. Both research groups (at JSI and FRI) were lead by Professor Ivan Bratko and closely cooperated.<\/p>\n\n\n\n<p>Both groups were successful and grew in terms of achievements, employed and newly trained researchers, international collaborations and projects. This required further <a href=\"http:\/\/kt.ijs.si\/MarkoBohanec\/UI\/IJS_UI_oddelki.html\">reorganisations<\/a>. In 2004, the former JSI Department of Intelligent Systems and Computer Technologies Laboratory were reorganised into two new departments: <a href=\"http:\/\/kt.ijs.si\/\">Department of Knowledge Technologies<\/a> (head: Nada Lavra\u010d) and <a href=\"http:\/\/dis.ijs.si\/\">Department of Intelligent Systems<\/a> (head: Matja\u017e Gams). At FRI, in addition to the former <a href=\"http:\/\/ai.fri.uni-lj.si\/\">Artificial Intelligence Laboratory<\/a> (head: Ivan Bratko), two new laboratories were formed: <a href=\"http:\/\/www.fri.uni-lj.si\/en\/laboratories\/lkm\/\">Laboratory for Cognitive Modeling<\/a> in 2001 (head: Igor Kononenko) and <a href=\"http:\/\/www.fri.uni-lj.si\/en\/laboratories\/biolab\/\">Bioinformatics Laboratory<\/a> in 2010 (head: Bla\u017e Zupan).&nbsp;In 2011, a new research group was formed at JSI: AI Laboratory (head: Dunja Mladeni\u0107), which was constituted as a Department for Artificial Intelligence in 2020 (head: Dunja Mladeni\u0107). In 2021, the leadership of the<br><a href=\"http:\/\/kt.ijs.si\/\">Department of Knowledge Technologies<\/a> at JSI was transferred from Nada Lavra\u010d to Sa\u0161o D\u017eeroski.<\/p>\n\n\n\n<p>In addition to the work done at JSI and FRI, AI research is also carried out at some other institutions, most notably the <a href=\"http:\/\/www.ki.si\/\">National Institute of Chemistry<\/a>, Ljubljana, and the <a href=\"http:\/\/www.feri.uni-mb.si\/\">Faculty of Electrical Engineering and Computer Science<\/a> and <a href=\"http:\/\/www.fs.uni-mb.si\/\">Faculty of Mechanical Engineering<\/a> at the <a href=\"http:\/\/www.uni-mb.si\/\">University of Maribor<\/a>.<\/p>\n\n\n\n<p>According to <a href=\"http:\/\/sicris.izum.si\/about\/cris.aspx?lang=eng\">SICRIS<\/a> (SlovenIan Current Research Information System), there are now more than 30 <a href=\"http:\/\/kt.ijs.si\/MarkoBohanec\/UI\/UI_skupine_SICRIS.html\">research groups in Slovenia<\/a> whose research is related to AI.<\/p>\n\n\n\n<p>Slovenian AI researchers and practitioners are associated in <a href=\"http:\/\/slais.ijs.si\/\">SLAIS<\/a> (SLovenian Artificial Intelligence Society). SLAIS was founded in 1992 and is a member society of <a href=\"http:\/\/www.eccai.org\/\">ECCAI<\/a> (European Coordinating Committee for Artificial Intelligence). Currently, SLAIS has about 120 members.<\/p>\n\n\n\n<p class=\"subtitle\"><strong>Research areas<\/strong><\/p>\n\n\n\n<p>Initially, AI research in Slovenia was concerned with heuristic search, including knowledge-based approaches to computer chess. The emphasis then gradually shifted and expanded to the areas of machine learning, knowledge representation, computer-aided multi-attribute decision making, qualitative reasoning and modelling, and combinatorial optimisation. This provided a solid basis for later application projects. In 1982, the development and implementation of AI tools started and soon resulted in practical applications in a number of domains including: financial, management, project\/enterprise assessment, metallurgy, geology, mechanical engineering, civil engineering, medicine and health-care. Most of these applications were based on <em>Assistant Professional<\/em>, an inductive learning system, and <a href=\"http:\/\/kt.ijs.si\/MarkoBohanec\/dex.html\">DEX<\/a>, a computer-aided decision making system. Later, several other systems were devolped including <em>GINESYS<\/em>, <em>RETIS<\/em>, <em>LINUS<\/em>, <em>m-FOIL<\/em>. These systems implement various approaches to machine learning: attribute-based learning, regression tree learning and inductive logic programming.<\/p>\n\n\n\n<p>In the 1990&#8217;s, the Slovenian AI research further expanded and diversified, addressing the main research areas:<\/p>\n\n\n\n<ul class=\"wp-block-list\"><li>Machine learning<\/li><li>Inductive logic programming<\/li><li>Evolutionary computing, genetic algorithms<\/li><li>Expert systems<\/li><li>Decision support<\/li><li>Human language technologies<\/li><li>Speech synthesis<\/li><li>Behavioral cloning<\/li><li>Cognitive modelling<\/li><li>Explorative data analysis<\/li><li>Data mining<\/li><li>Text, web and multimedia mining<\/li><li>Semantic web technologies<\/li><li>Knowledge management<\/li><\/ul>\n\n\n\n<p>A notable aspect of much of this research is its application to problems in many areas, including: mechanical engineering, telecommunication, management, economy, ecology, biology, medicine, health care, agriculture, digital libraries, cultural heritage, e-government, e-business and e-learning.<\/p>\n\n\n\n<p>Also, a considerable part of the Slovenian AI research takes place in the international context and involves numerous collaborations with international organisations and projects. First official Slovenian collaborations occured in the context of European <a href=\"http:\/\/en.wikipedia.org\/wiki\/ESPRIT\">ESPRIT<\/a> projects: ESPRIT II (1990) and ESPRIT III (1993). Some other early projects include <a href=\"http:\/\/slais.ijs.si\/history.html\">ILPNET<\/a> and <a href=\"http:\/\/aune.lpl.univ-aix.fr\/projects\/multext-east\/MTE1.html\">Multext-East<\/a> (1995-1998). In 2000, the JSI <a href=\"http:\/\/ai.ijs.si\/\">Department of Intelligent Systems<\/a> succeeded with the proposal of <a href=\"http:\/\/soleunet.ijs.si\/website\/html\/euproject.html\">Sol-EU-Net<\/a>, a <a href=\"http:\/\/cordis.europa.eu\/fp5\/\">European 5th Framework Programme<\/a> project, which JSI coordinated 2000-2003. Since then, the Slovenian activity in projects financed by the European Union has increased considerably, so that Slovenian research organisations have become regular partners in European <a href=\"http:\/\/ec.europa.eu\/research\/fp6\/index_en.cfm\">6th<\/a> (2002-2006) and <a href=\"http:\/\/cordis.europa.eu\/fp7\/home_en.html\">7th<\/a> (2007-2013) Framework Programmes, as well as <a href=\"http:\/\/ec.europa.eu\/programmes\/horizon2020\/\">Horizon 2020<\/a> (2014-2020).<\/p>\n\n\n\n<p class=\"subtitle\"><strong>Achievements<\/strong><\/p>\n\n\n\n<p class=\"subsubtitle\"><strong>Books<\/strong><\/p>\n\n\n\n<p>Slovenian AI researchers have authored and edited numerous scientific books:<\/p>\n\n\n\n<ul class=\"wp-block-list\"><li>Ivan Bratko: <a href=\"http:\/\/www.amazon.co.uk\/exec\/obidos\/ASIN\/0201403757\/o\/qid=988296666\/sr=8-1\/026-9120611-4655602\">Prolog Programming for Artificial Intelligence<\/a>, Addison-Wesley, 1986; second edition 1990; third edition Addison-Wesley\/Pearson Education 2001<\/li><li>Ivan Bratko, Nada Lavra\u010d (eds.): Progress in Machine Learning: Proc. 2nd European Working Session on Learning (EWSL 87), Bled 1987, Sigma, 1987<\/li><li>Igor Kononenko, Nada Lavra\u010d: <a href=\"http:\/\/www.vdsp.net\/cgi-bin\/store.cgi?Operation=ItemSearch&amp;Keywords=Prolog+Through+Examples&amp;SearchIndex=Books\">Prolog Through Examples: A Practical Programming Guide<\/a>, Sigma, 1988<\/li><li>Ivan Bratko, Igor Mozeti\u010d, Nada Lavra\u010d: <a href=\"http:\/\/www.amazon.com\/exec\/obidos\/tg\/detail\/-\/0262022737\/qid=1116420488\/sr=1-1\/ref=sr_1_1\/002-4354623-7992025?v=glance&amp;s=books\">KARDIO &#8211; A Study in Deep and Qualitative Knowledge for Expert Systems<\/a>, MIT Press, 1989<\/li><li>Sa\u0161o D\u017eeroski, Nada Lavra\u010d: <a href=\"http:\/\/www-ai.ijs.si\/SasoDzeroski\/ILPBook\/\">Inductive Logic Programming:Techniques and Applications<\/a>, Ellis Horwood, 1994<\/li><li>Nada Lavra\u010d, Stefan Wrobel (eds.): <a href=\"http:\/\/www.amazon.com\/exec\/obidos\/tg\/detail\/-\/3540592865\/qid=1115898102\/sr=1-8\/ref=sr_1_8\/102-9022402-8743343?v=glance&amp;s=books\">Machine Learning: Proceedings of the 8th European Conference on Machine Learning, Heraclion, Crete<\/a>, Springer, 1995<\/li><li>Nada Lavra\u010d (ed.): <a href=\"http:\/\/slais.ijs.si\/history.html\">Ra\u010dunalniska analiza medicinskih podatkov, Zbornik, Bled 1995<\/a>, IJS Scientific Publishing, 1995<\/li><li>Nada Lavra\u010d, Elpida Keravnou, Bla\u017e Zupan (eds.): <a href=\"http:\/\/slais.ijs.si\/history.html\">Proc. of the First Int. Workshop on Intelligent Data Analysis in Medicine and Pharmacology (IDAMAP-96), Budapest<\/a>, 1996<\/li><li>Nada Lavra\u010d, Sa\u0161o D\u017eeroski (eds.): <a href=\"http:\/\/www.amazon.com\/exec\/obidos\/tg\/detail\/-\/3540635149\/qid=1115815657\/sr=1-5\/ref=sr_1_5\/102-9022402-8743343?v=glance&amp;s=books\">Inductive Logic Programming: Proc. of the 7th Int. Workshop, Prague<\/a>, Springer, 1997<\/li><li>Nada Lavra\u010d, Elpida Keravnou, Bla\u017e Zupan: <a href=\"http:\/\/www.amazon.com\/exec\/obidos\/tg\/detail\/-\/0792380002\/104-5326198-4433505?v=glance\">Intelligent Data Analysis in Medicine and Pharmacology<\/a>, Kluwer Academic Publishers, 1997<\/li><li>Ryszard S. Michalski, Ivan Bratko, Miroslav Kubat (eds.): <a href=\"http:\/\/www.amazon.co.uk\/exec\/obidos\/ASIN\/0471971995\/qid=988299266\/sr=1-3\/026-9120611-4655602\">Machine Learning and Data Mining: Methods and Applications<\/a>, Wiley, 1998<\/li><li>Ivan Bratko, Sa\u0161o D\u017eeroski (eds.): <a href=\"http:\/\/www.amazon.com\/exec\/obidos\/ASIN\/1558606122\/002-4354623-7992025\">Machine Learning: Proc. 16th Int. Conference, Bled 1999<\/a>, Morgan Kaufmann, 1999<\/li><li>Sa\u0161o D\u017eeroski, Peter Flach (eds.): <a href=\"http:\/\/www.amazon.com\/exec\/obidos\/tg\/detail\/-\/3540661093\/qid=1116703862\/sr=1-3\/ref=sr_1_3\/002-4354623-7992025?v=glance&amp;s=books\">Inductive Logic Programming: Proc. 9th Int. Workshop ILP-99, Bled 1999<\/a>, Springer, 1999<\/li><li>James Cussens, Sa\u0161o D\u017eeroski (eds.): <a href=\"http:\/\/www.amazon.com\/gp\/product\/3540411453\/104-5326198-4433505?%5Fencoding=UTF8&amp;s=books&amp;v=glance\">Learning Language in Logic<\/a>, Springer, 2000<\/li><li>Nada Lavra\u010d, Silvia Miksch, Branko Kav\u0161ek (eds.): <a href=\"http:\/\/www.ifs.tuwien.ac.at\/~silvia\/idamap-2000\/\">Proceedings of the Fifth International Workshop on Intelligent Data Analysis in Medicine and Pharmacology (IDAMAP-2000)<\/a>, 2000<\/li><li>Sa\u0161o D\u017eeroski, Nada Lavra\u010d (eds.): <a href=\"http:\/\/www-ai.ijs.si\/SasoDzeroski\/RDMBook\/\">Relational Data Mining<\/a>, Springer, 2001<\/li><li>Matja\u017e Gams: <a href=\"http:\/\/www.amazon.com\/Weak-Intelligence-Principle-Multiple-Knowledge\/dp\/1560728981\/ref=sr_1_1?ie=UTF8&amp;s=books&amp;qid=1284980120&amp;sr=8-1\">Weak intelligence: Through the principle and paradox of multiple knowledge<\/a>, Nova Science, 2001<\/li><li>Eva Jereb, Marko Bohanec, Vladislav Rajkovi\u010d: <a href=\"http:\/\/www.fov.uni-mb.si\/mzalozba\/Opisi_knjig\/Opisi%20_skript\/DEXi_Ra%E8unalni%9Aki_program.htm\">DEXi &#8211; Ra\u010dunalni\u0161ki program za ve\u010dparametrsko odlo\u010danje (DEXi A Computer Program for Multi-Attribute Decision Making)<\/a>, Zalo\u017eba Moderna organizacija, 2003<\/li><li>Nada Lavra\u010d, Dragan Gamberger, Hendrik Blockeel, Ljup\u010do Todorovski (eds.): <a href=\"http:\/\/www.amazon.com\/exec\/obidos\/tg\/detail\/-\/3540201211\/qid=1114043124\/sr=1-6\/ref=sr_1_6\/104-5326198-4433505?v=glance&amp;s=books\">Machine Learning: Proceedings of the 14th European Conference on Machine Learning<\/a>, Springer, 2003<\/li><li>Nada Lavra\u010d, Dragan Gamberger, Hendrik Blockeel, Ljup\u010do Todorovski (eds.): <a href=\"http:\/\/www.amazon.com\/exec\/obidos\/tg\/detail\/-\/3540200851\/qid=1114196044\/sr=1-1\/ref=sr_1_1\/104-5326198-4433505?v=glance&amp;s=books\">Knowledge Discovery in Databases: Proceedings of the 7th European Conference on Principles and Practice of Knowledge Discovery in Databases<\/a>, Springer, 2003<\/li><li>Dunja Mladeni\u0107, Nada Lavra\u010d, Marko Bohanec, Stephen Moyle (eds.): <a href=\"http:\/\/www.amazon.com\/exec\/obidos\/tg\/detail\/-\/1402073887\/qid=1114007865\/sr=1-1\/ref=sr_1_1\/104-5326198-4433505?v=glance&amp;s=books\">Data Mining and Decision Support: Integration and Collaboration<\/a>, Kluwer Academic Publishers, 2003<\/li><li>Igor Kononenko: Strojno u\u010denje, Univerza v Ljubljani, Fakulteta za ra\u010dunalni\u0161tvo in informatiko, 2005<\/li><li>Craig Saunders, Marko Grobelnik, Steve Gunn, John Shawe-Taylor (eds.): <a href=\"http:\/\/www.amazon.com\/Subspace-Latent-Structure-Feature-Selection\/dp\/3540341374\/ref=sr_1_3?ie=UTF8&amp;s=books&amp;qid=1226058014&amp;sr=1-3\">Subspace, Latent Structure and Feature Selection: Statistical and Optimization Perspectives Workshop, SLSFS 2005 Bohinj, Springer 2005<\/a>, Springer, 2006<\/li><li>Ljup\u010do Todorovski, Nada Lavra\u010d, Klaus P. Jantke (eds.): <a href=\"http:\/\/www-ai.ijs.si\/~ds06\/\">Discovery Science (Proc. 9th Int. Conf. DS 2006, Barcelona, Spain)<\/a>, Springer, 2006<\/li><li>Markus Ackermann, Bettina Berendt, Marko Grobelnik, Dunja Mladeni\u0107 et al. (eds.): <a href=\"http:\/\/www.amazon.com\/Semantics-Web-Mining-International-Workshop\/dp\/3540476970\/ref=sr_1_1%0D%0Aie=UTF8&amp;s=books&amp;qid=1225981648&amp;sr=1-1\">Semantics, Web and Mining: Joint Int. Workshop, EWMF 2005 \/ KDO 2005, Porto, Portugal<\/a> Springer, 2007<\/li><li>Michael R. Berthold, John Shawe-Taylor, Nada Lavra\u010d (eds.): <a href=\"http:\/\/www.springer.com\/dal\/home\/generic\/search\/results?SGWID=1-40109-22-173756814-0\">Advances in Intelligent Data Analysis VII (Proc. 7th Int. Symposium on Intelligent Data Analysis, IDA 2007, Ljubljana, Slovenia)<\/a>, Springer, 2007<\/li><li>Marko Bohanec: <a href=\"http:\/\/www.dmfa-zaloznistvo.si\/up\/1654.htm\">Odlo\u010danje in modeli<\/a>, DMFA zalo\u017eni\u0161tvo, 2007<\/li><li>Sa\u0161o D\u017eeroski, Ljup\u010do Todorovski (eds.): <a href=\"http:\/\/www.springer.com\/dal\/home\/generic\/search\/results?SGWID=1-40109-22-173750909-0\">Computational Discovery of Scientific Knowledge<\/a>, Springer, 2007<\/li><li>Sa\u0161o D\u017eeroski, Jam Struyf (eds.): <a href=\"http:\/\/www.springer.com\/dal\/home?SGWID=1-102-22-173779166-0&amp;changeHeader=true&amp;referer=www.springeronline.com&amp;SHORTCUT=www.springer.com\/978-3-540-75548-7\">Knowledge Discovery in Inductive Databases: 5th Int. Workshop KDID 2006, Berlin<\/a>, Springer, 2007<\/li><li>Nikola Guid, Damjan Strnad: Umetna inteligenca, Univerza v Mariboru, Fakulteta za elektrotehniko, ra\u010dunalni\u0161tvo in informatiko, 2007<\/li><li>Igor Kononenko, Matja\u017e Kukar: <a href=\"http:\/\/www.amazon.com\/Machine-Learning-Data-Mining-Introduction\/dp\/1904275214\/ref=sr_1_1?ie=UTF8&amp;s=books&amp;qid=1284980371&amp;sr=8-1\">Machine learning and data mining: Introduction to principles and algorithms<\/a>, Horwood Publishing, 2007<\/li><li>John Davies, Marko Grobelnik, Dunja Mladeni\u0107 (eds.): <a href=\"http:\/\/www.amazon.com\/Semantic-Knowledge-Management-Integrating-Technologies\/dp\/3540888446\/\">Semantic Knowledge Management: Integrating Ontology Management, Knowledge Discovery, and Human Language Technologies<\/a>, Springer, 2008<\/li><li>Andrej Ule, Olga Marki\u010d, Urban Korde\u0161 (ur.): <a href=\"http:\/\/www.aristej.si\/slo\/humanistika_in_druzboslovje\/konteksti-odlocanja.html\">Konteksti odlo\u010danja<\/a>, Aristej, 2010<\/li><li>Johannes Fuernkranz, Dragan Gamberger, Nada Lavra\u010d: <a href=\"https:\/\/link.springer.com\/book\/10.1007\/978-3-540-75197-7\">Foundations of Rule Learning<\/a>, Springer, 2012<\/li><li>Nada Lavra\u010d, Vid Podpe\u010dan, Marko Robnik-\u0160ikonja: <a href=\"https:\/\/link.springer.com\/book\/10.1007\/978-3-030-68817-2\">Representation Learning: Propositionalization and Embeddings<\/a>, Springer, 2021<\/li><\/ul>\n\n\n\n<p class=\"subsubtitle\"><strong>Software<\/strong><\/p>\n\n\n\n<p>The Slovenian AI research has also produced a number software programs, spanning from research prototypes to application programs and general software tools:<\/p>\n\n\n\n<figure class=\"wp-block-table\"><table><tbody><tr><th>Year<\/th><th>Name<\/th><th>Description<\/th><\/tr><tr><td>1986<\/td><td>Asistent 86<\/td><td>Learning of decision trees<\/td><\/tr><tr><td>1986<\/td><td>PROLIB<\/td><td>Library of Prolog predicates<\/td><\/tr><tr><td>1986<\/td><td>EXPRO<\/td><td>Expert system shell<\/td><\/tr><tr><td>1987<\/td><td>Assistant Professional<\/td><td>Learning of decision trees<\/td><\/tr><tr><td>1987<\/td><td>GINESYS<\/td><td>Machine learning<\/td><\/tr><tr><td>1989<\/td><td>REFLOG<\/td><td>Reflective Prolog<\/td><\/tr><tr><td>1989<\/td><td><a href=\"http:\/\/kt.ijs.si\/MarkoBohanec\/dex.html\">DEX<\/a><\/td><td>Multi-attribute decision modelling<\/td><\/tr><tr><td>1994<\/td><td><a href=\"http:\/\/www-ai.ijs.si\/~ilpnet2\/systems\/linus.html\">LINUS (LAI)<\/a><\/td><td>Constrained inductive logic programming<\/td><\/tr><tr><td>1991<\/td><td><a href=\"http:\/\/soleunet.ijs.si\/website\/html\/senic-15-tool.html\">RETIS<\/a><\/td><td>Induction of regression trees<\/td><\/tr><tr><td>1991<\/td><td><a href=\"http:\/\/www-ai.ijs.si\/~ilpnet2\/systems\/mfoil.html\">mFOIL<\/a><\/td><td>Inductive logic programming<\/td><\/tr><tr><td>1992<\/td><td>MARKUS<\/td><td>Inductive logic programming<\/td><\/tr><tr><td>1993<\/td><td><a href=\"http:\/\/kt.ijs.si\/ljupco_todorovski\/ed\/lagrange.html\">LAGRANGE<\/a><\/td><td>Equation discovery<\/td><\/tr><tr><td>1993<\/td><td>GOLDHORN<\/td><td>Equation discovery<\/td><\/tr><tr><td>1994<\/td><td>GPDD<\/td><td>Evolutionary algorithm<\/td><\/tr><tr><td>1994<\/td><td>GOLDING, CIOP<\/td><td>Multistrategy learning<\/td><\/tr><tr><td>1994<\/td><td>DYSYS<\/td><td>Behavioural cloning<\/td><\/tr><tr><td>1995<\/td><td>FORS<\/td><td>First order regression system<\/td><\/tr><tr><td>1996<\/td><td><a href=\"http:\/\/kt.ijs.si\/MarkoBohanec\/ptah.html\">Ptah<\/a><\/td><td>Bacterial resistance analysis<\/td><\/tr><tr><td>1996<\/td><td>EMA<\/td><td>Intelligent employment agent<\/td><\/tr><tr><td>1997<\/td><td>HINT<\/td><td>Hierarchy induction tool<\/td><\/tr><tr><td>1997<\/td><td><a href=\"http:\/\/kt.ijs.si\/ljupco_todorovski\/ed\/lagrange.html\">LAGRAMGE<\/a><\/td><td>Equation discovery<\/td><\/tr><tr><td>2000<\/td><td><a href=\"http:\/\/ai.ijs.si\/govorec\/\">Govorec<\/a><\/td><td>&#8220;Speaker&#8221;, Slovene speech synthesis<\/td><\/tr><tr><td>2000<\/td><td><a href=\"http:\/\/kt.ijs.si\/MarkoBohanec\/dexi.html\">DEXi<\/a><\/td><td>Multi-attribute decision modelling<\/td><\/tr><tr><td>2000<\/td><td>PADLES<\/td><td>Discovery of partial differential equations<\/td><\/tr><tr><td>2001<\/td><td>ShinA<\/td><td>Shopping assistant<\/td><\/tr><tr><td>2003<\/td><td><a href=\"http:\/\/labe.felk.cvut.cz\/~zelezny\/rsd\/\">RSD<\/a><\/td><td>Relational subgroup discovery<\/td><\/tr><tr><td>2003<\/td><td><a href=\"http:\/\/genepath.org\/\">GenePath<\/a><\/td><td>Intelligent assistant to genetic analysis<\/td><\/tr><tr><td>2004<\/td><td><a href=\"http:\/\/www.ailab.si\/orange\/\">Orange<\/a><\/td><td>Data mining suite<\/td><\/tr><tr><td>2004<\/td><td><a href=\"http:\/\/kt.ijs.si\/software\/ciper\/\">CIPER<\/a><\/td><td>Constrained induction of polynomial equation for regression<\/td><\/tr><tr><td>2004<\/td><td><a href=\"http:\/\/kt.ijs.si\/software\/TextGarden\/\">Text-Garden<\/a><\/td><td>Text-mining software tools<\/td><\/tr><tr><td>2005<\/td><td><a href=\"http:\/\/ontogen.ijs.si\/\">OntoGen<\/a><\/td><td>Ontology editor<\/td><\/tr><tr><td>2005<\/td><td><a href=\"http:\/\/docatlas.ijs.si\/\">Document Atlas<\/a><\/td><td>Visualization of text corpora<\/td><\/tr><tr><td>2005<\/td><td><a href=\"http:\/\/kt.ijs.si\/software\/proDEX\/\">proDEX<\/a><\/td><td>Qualitative multi-attribute modelling<\/td><\/tr><tr><td>2005<\/td><td><a href=\"http:\/\/searchpoint.ijs.si\/\">SearchPoint<\/a><\/td><td>Search and organise web documents<\/td><\/tr><tr><td>2007<\/td><td><a href=\"http:\/\/kt.ijs.si\/software\/SEGS\/\">SEGS<\/a><\/td><td>Search for enriched gene sets<\/td><\/tr><tr><td>2009<\/td><td><a href=\"http:\/\/enrycher.ijs.si\/EnrycherFront\/index.jsp\">Enrycher<\/a><\/td><td>Service oriented text enrichmen<\/td><\/tr><tr><td>2009<\/td><td><a href=\"http:\/\/answerart.net\/\">AnswerArt<\/a><\/td><td>Contextualized question answering<\/td><\/tr><tr><td>2009<\/td><td><a href=\"http:\/\/www.ailab.si\/dictyexpress\/\">dictyExpress<\/a><\/td><td>Gene expression analysis<\/td><\/tr><tr><td>2010<\/td><td><a href=\"https:\/\/pypi.org\/project\/lemmagen3\/\">LemmaGen<\/a><\/td><td>Multilingual Lemmatisation with Induced Ripple-Down Rules<\/td><\/tr><tr><td>2012<\/td><td><a href=\"http:\/\/clowdflows.org\/\">ClowdFlows<\/a><\/td><td>A Data Mining Workflow Platform<\/td><\/tr><tr><td>2016<\/td><td><a href=\"http:\/\/textflows.org\/\">TextFlows<\/a><\/td><td>A Visual Programming platform for Text Mining and natural language processing<\/td><\/tr><\/tbody><\/table><\/figure>\n\n\n\n<p class=\"subsubtitle\"><strong>Web portals<\/strong><\/p>\n\n\n\n<p><a href=\"http:\/\/videolectures.net\/\">Videolectures<\/a><\/p>\n\n\n\n<p><a href=\"http:\/\/nl2.ijs.si\/\">nl.ijs.si services<\/a><\/p>\n\n\n\n<p class=\"subtitle\"><strong>Organised events<\/strong><\/p>\n\n\n\n<p>The following AI-related international events were organised with the support of SLAIS:<\/p>\n\n\n\n<ul class=\"wp-block-list\"><li>ISSEK &#8211;&nbsp;International School for the Synthesis of Expert Knowledge Workshops, Bled, Slovenia, 1984, 1986 and 1992<\/li><li>EWSL 1987 &#8211; European Working Session on Learning, Bled, Slovenia, 1987<\/li><li>COST-13 Workshop on Qualitative Modelling, Ljubljana, Slovenia, 1987<\/li><li>ILP 1993 &#8211; Third Inductive Logic Programming Workshop, Bled, Slovenia, 1993<\/li><li>CADAM 95 &#8211; Ra\u010dunalni\u0161ka analiza medicinskih podatkov, Bled, Slovenia, 1995<\/li><li>AIRTC 1995 &#8211; IFAC International Workshop on Artificial intelligence in Real-Time Control, Bled, Slovenia, 1995<\/li><li><a href=\"http:\/\/kt.ijs.si\/SasoDzeroski\/ICML99\/main.html\">ICML 1999<\/a> &#8211; International Conference on Machine Learning, Bled, Slovenia, 1999<\/li><li><a href=\"http:\/\/ct3.ijs.si\/acai05\/\">ACAI 2005<\/a> &#8211; Advanced Course on Knowledge Technologies, Ljubljana, Slovenia, 2005<\/li><li>IDA 2007 &#8211; The 7th Inernational Symposium on Intelligent Data Analysis, Ljubljana, Slovenia, 2007<\/li><li><a href=\"http:\/\/kt.ijs.si\/SasoDzeroski\/aep\/\">Analysis of environmental data with machine learning methods<\/a>, Ljubljana, Slovenia, 2008<\/li><li><a href=\"http:\/\/www.ailab.si\/qr09\/index.htm\">QR 2009<\/a> &#8211; 23rd Annual Workshop on Qualitative Reasoning, Ljubljana, Slovenia, 2009<\/li><li><a href=\"http:\/\/mlsb09.ijs.si\/\">MLSB 2009<\/a> &#8211; Third International Workshop on Machine Learning in Systems Biology, Ljubljana, Slovenia, 2009<\/li><li><a href=\"http:\/\/active09.ijs.si\/\">ACTIVE 2009<\/a> &#8211; 1st ACTIVE Summer School on Advanced Technologies for a Knowledge-Powered Enterprise, Bled, Slovenia, 2009<\/li><li><a href=\"http:\/\/www.ecmlpkdd2009.net\/\">ECML\/PKDD 2009<\/a> &#8211; European Conference on Machine Learning and Principles and Practice of Knowledge Discovery in Databases, Bled, Slovenia, 2009<\/li><li><a href=\"http:\/\/coin-active-ss.ijs.si\/\">ACTIVE 2010<\/a> &#8211; Summer School on Advanced Technologies for Knowledge Intensive Networked Organisations, Aachen, Germany, 2010<\/li><li><a href=\"http:\/\/ppsn2014.ijs.si\/\">PPSN 2014<\/a> &#8211; 13th International Conference on Parallel Problem Solving from Nature, Ljubljana, Slovenia, 2014<\/li><\/ul>\n","protected":false},"excerpt":{"rendered":"<p>Research organisations Research in artificial intelligence (AI) in Slovenia started in 1972 at the Computer Science Department of the Jozef Stefan Institute (JSI) in Ljubljana, and later also at the Faculty of Computer and Information Science (FRI), University of Ljubljana. At JSI, the AI Group was formally founded in 1979 and reorganised into the AI [&hellip;]<\/p>\n","protected":false},"author":1,"featured_media":0,"parent":0,"menu_order":0,"comment_status":"closed","ping_status":"open","template":"","meta":{"footnotes":""},"class_list":["post-21","page","type-page","status-publish","hentry"],"_links":{"self":[{"href":"https:\/\/slais.ijs.si\/index.php\/wp-json\/wp\/v2\/pages\/21","targetHints":{"allow":["GET"]}}],"collection":[{"href":"https:\/\/slais.ijs.si\/index.php\/wp-json\/wp\/v2\/pages"}],"about":[{"href":"https:\/\/slais.ijs.si\/index.php\/wp-json\/wp\/v2\/types\/page"}],"author":[{"embeddable":true,"href":"https:\/\/slais.ijs.si\/index.php\/wp-json\/wp\/v2\/users\/1"}],"replies":[{"embeddable":true,"href":"https:\/\/slais.ijs.si\/index.php\/wp-json\/wp\/v2\/comments?post=21"}],"version-history":[{"count":13,"href":"https:\/\/slais.ijs.si\/index.php\/wp-json\/wp\/v2\/pages\/21\/revisions"}],"predecessor-version":[{"id":468,"href":"https:\/\/slais.ijs.si\/index.php\/wp-json\/wp\/v2\/pages\/21\/revisions\/468"}],"wp:attachment":[{"href":"https:\/\/slais.ijs.si\/index.php\/wp-json\/wp\/v2\/media?parent=21"}],"curies":[{"name":"wp","href":"https:\/\/api.w.org\/{rel}","templated":true}]}}