{"id":18,"date":"2015-03-09T17:04:47","date_gmt":"2015-03-09T16:04:47","guid":{"rendered":"http:\/\/slais.ijs.si\/wp\/?page_id=18"},"modified":"2026-03-03T14:59:24","modified_gmt":"2026-03-03T13:59:24","slug":"contact-board","status":"publish","type":"page","link":"https:\/\/slais.ijs.si\/index.php\/contact-board\/","title":{"rendered":"Contact &#038; board"},"content":{"rendered":"<p class=\"subtitle\"><strong>Contact<\/strong><\/p>\n<p>SLAIS &#8211; Slovenian Artificial Intelligence Society<br \/>Faculty of Computer and Information Science, Artificial Intelligence Laboratory<br \/>Ve\u010dna pot 113<br \/>1000 Ljubljana<br \/>Slovenia<br \/>Phone: +386 1 479 8210<br \/>E-mail: <a href=\"mailto:Aleksander.Sadikov@fri.uni-lj.si\">Aleksander.Sadikov@fri.uni-lj.si<\/a><\/p>\n<p>SLAIS board members are elected by the Assembly of the society for a two-year term with a possible two-year extension. Since March 30, 2023, the board members are:<\/p>\n<p class=\"subsubtitle\"><strong>Chair<\/strong><\/p>\n<p><a href=\"https:\/\/fri.uni-lj.si\/sl\/o-fakulteti\/osebje\/aleksander-sadikov\">doc. dr. Aleksander Sadikov<\/a><br \/>Faculty of Computer and Information Science, Artificial Intelligence Laboratory<br \/>Ve\u010dna pot 113, 1000 Ljubljana, Slovenia<br \/>Phone: +386 1 479 8210<br \/>E-mail: <a href=\"mailto:Aleksander.Sadikov@fri.uni-lj.si\">Aleksander.Sadikov@fri.uni-lj.si<\/a><\/p>\n<p><strong><span class=\"subsubtitle\">Secretary and treasurer<\/span><\/strong><\/p>\n<p><a href=\"https:\/\/www.fri.uni-lj.si\/sl\/o-fakulteti\/osebje\/vida-groznik\">znan. sod. dr. Vida Groznik<\/a><br \/>Faculty of Computer and Information Science, Artificial Intelligence Laboratory<br \/>Ve\u010dna pot 113, 1000 Ljubljana, Slovenia<br \/>Phone: +386 1 4798 210<br \/>E-mail: <a href=\"mailto:vida.groznik@fri.uni-lj.si\">vida.groznik@fri.uni-lj.si<\/a><\/p>\n<p class=\"subsubtitle\"><strong>Executive Board<\/strong><\/p>\n<p><a href=\"http:\/\/www.famnit.upr.si\/sl\/zaposleni-in-sodelavci\/branax\/\">Branko Kav\u0161ek<\/a><\/p>\n<p><a href=\"http:\/\/ailab.ijs.si\/dunja_mladenic\/\">Dunja Mladeni\u0107<\/a><\/p>\n<p><a href=\"http:\/\/dis.ijs.si\/Mezi\/\">Matja\u017e Gams<\/a><\/p>\n<p><a href=\"https:\/\/www.fzv.um.si\/gregor-%C5%A1tiglic\">Gregor \u0160tiglic<\/a><\/p>\n<p><a href=\"http:\/\/dis.ijs.si\/filipic\/\">Bogdan Filipi\u010d<\/a><\/p>\n<p><a href=\"https:\/\/dis.ijs.si\/mitjal\/\">Mitja Lu\u0161trek<\/a><\/p>\n<p><a href=\"https:\/\/www.fri.uni-lj.si\/en\/employees\/blaz-zupan\">Bla\u017e Zupan<\/a><\/p>\n<p><a href=\"https:\/\/www.fri.uni-lj.si\/sl\/o-fakulteti\/osebje\/marko-robnik-sikonja\">Marko Robnik-\u0160ikonja<\/a><\/p>\n<p><a href=\"https:\/\/kt.ijs.si\/MartinZnidarsic\/\">Martin \u017dnidar\u0161i\u010d<\/a><\/p>\n<p><a href=\"http:\/\/kt.ijs.si\/DragiKocev\/\">Dragi Kocev<\/a><\/p>\n<p class=\"subsubtitle\"><strong>Supervisory Board<\/strong><\/p>\n<p><a href=\"http:\/\/kt.ijs.si\/MarkoBohanec\/mare.html\">Marko Bohanec<\/a><\/p>\n<p><a href=\"http:\/\/www.pancepanov.com\/\">Pan\u010de Panov<\/a><\/p>\n<p><a href=\"https:\/\/fri.uni-lj.si\/sl\/o-fakulteti\/osebje\/tomaz-curk\">Toma\u017e Curk<\/a><\/p>\n<p class=\"subsubtitle\"><strong>Honorary Tribunal<\/strong><\/p>\n<p>Ale\u0161 Dobnikar<\/p>\n<p><a href=\"https:\/\/people.ceu.edu\/petra_kralj-novak\">Petra Kralj Novak<\/a><\/p>\n<p><a href=\"https:\/\/fri.uni-lj.si\/sl\/o-fakulteti\/osebje\/jure-zabkar\">Jure \u017dabkar<\/a><\/p>\n<p><strong>Substitute Honorary Tribunal<\/strong><\/p>\n<p><a href=\"https:\/\/fri.uni-lj.si\/sl\/o-fakulteti\/osebje\/slavko-zitnik\">Slavko \u017ditnik<\/a><\/p>\n<p><a href=\"https:\/\/markotkalcic.com\/\">Marko Tkal\u010di\u010d<\/a><\/p>\n<p><a href=\"https:\/\/www.fri.uni-lj.si\/sl\/o-fakulteti\/osebje\/domen-soberl\">Domen \u0160oberl<\/a><\/p>\n\n\n<p><\/p>\n","protected":false},"excerpt":{"rendered":"<p>Contact SLAIS &#8211; Slovenian Artificial Intelligence SocietyFaculty of Computer and Information Science, Artificial Intelligence LaboratoryVe\u010dna pot 1131000 LjubljanaSloveniaPhone: +386 1 479 8210E-mail: Aleksander.Sadikov@fri.uni-lj.si SLAIS board members are elected by the Assembly of the society for a two-year term with a possible two-year extension. Since March 30, 2023, the board members are: Chair doc. dr. Aleksander [&hellip;]<\/p>\n","protected":false},"author":1,"featured_media":0,"parent":0,"menu_order":0,"comment_status":"closed","ping_status":"open","template":"","meta":{"footnotes":""},"class_list":["post-18","page","type-page","status-publish","hentry"],"_links":{"self":[{"href":"https:\/\/slais.ijs.si\/index.php\/wp-json\/wp\/v2\/pages\/18","targetHints":{"allow":["GET"]}}],"collection":[{"href":"https:\/\/slais.ijs.si\/index.php\/wp-json\/wp\/v2\/pages"}],"about":[{"href":"https:\/\/slais.ijs.si\/index.php\/wp-json\/wp\/v2\/types\/page"}],"author":[{"embeddable":true,"href":"https:\/\/slais.ijs.si\/index.php\/wp-json\/wp\/v2\/users\/1"}],"replies":[{"embeddable":true,"href":"https:\/\/slais.ijs.si\/index.php\/wp-json\/wp\/v2\/comments?post=18"}],"version-history":[{"count":27,"href":"https:\/\/slais.ijs.si\/index.php\/wp-json\/wp\/v2\/pages\/18\/revisions"}],"predecessor-version":[{"id":610,"href":"https:\/\/slais.ijs.si\/index.php\/wp-json\/wp\/v2\/pages\/18\/revisions\/610"}],"wp:attachment":[{"href":"https:\/\/slais.ijs.si\/index.php\/wp-json\/wp\/v2\/media?parent=18"}],"curies":[{"name":"wp","href":"https:\/\/api.w.org\/{rel}","templated":true}]}}